{"id":1152,"date":"2023-01-26T09:59:54","date_gmt":"2023-01-26T08:59:54","guid":{"rendered":"https:\/\/www.scj-stoveworks.com\/?page_id=1152"},"modified":"2023-01-26T10:07:48","modified_gmt":"2023-01-26T09:07:48","slug":"pieces-detachees-e40","status":"publish","type":"page","link":"https:\/\/www.scj-stoveworks.com\/nl\/pieces-detachees-e40\/","title":{"rendered":"PIECES DETACHEES E40"},"content":{"rendered":"<p>[et_pb_section fb_built=\u00a0\u00bb1&Prime; _builder_version=\u00a0\u00bb4.16&Prime; background_color=\u00a0\u00bbrgba(0,0,0,0)\u00a0\u00bb custom_padding=\u00a0\u00bb115px|0|39.6719px|0px|false|false\u00a0\u00bb global_colors_info=\u00a0\u00bb{}\u00a0\u00bb][et_pb_row make_equal=\u00a0\u00bbon\u00a0\u00bb _builder_version=\u00a0\u00bb4.16&Prime; border_color_top=\u00a0\u00bb#ffffff\u00a0\u00bb border_color_bottom=\u00a0\u00bb#ffffff\u00a0\u00bb global_colors_info=\u00a0\u00bb{}\u00a0\u00bb][et_pb_column type=\u00a0\u00bb4_4&Prime; _builder_version=\u00a0\u00bb4.16&Prime; custom_padding=\u00a0\u00bb|||\u00a0\u00bb global_colors_info=\u00a0\u00bb{}\u00a0\u00bb custom_padding__hover=\u00a0\u00bb|||\u00a0\u00bb][et_pb_text _builder_version=\u00a0\u00bb4.16&Prime; text_font=\u00a0\u00bb||||||||\u00a0\u00bb text_text_color=\u00a0\u00bb#ffffff\u00a0\u00bb text_font_size=\u00a0\u00bb27px\u00a0\u00bb global_colors_info=\u00a0\u00bb{}\u00a0\u00bb]<\/p>\n<p>PI\u00c8CES D\u00c9TACH\u00c9ES<\/p>\n<p>[\/et_pb_text][\/et_pb_column][\/et_pb_row][et_pb_row make_equal=\u00a0\u00bbon\u00a0\u00bb _builder_version=\u00a0\u00bb4.16&Prime; border_width_top=\u00a0\u00bb1px\u00a0\u00bb border_color_top=\u00a0\u00bb#ffffff\u00a0\u00bb border_width_bottom=\u00a0\u00bb1px\u00a0\u00bb border_color_bottom=\u00a0\u00bb#ffffff\u00a0\u00bb global_colors_info=\u00a0\u00bb{}\u00a0\u00bb][et_pb_column type=\u00a0\u00bb4_4&Prime; _builder_version=\u00a0\u00bb4.16&Prime; custom_padding=\u00a0\u00bb|||\u00a0\u00bb global_colors_info=\u00a0\u00bb{}\u00a0\u00bb custom_padding__hover=\u00a0\u00bb|||\u00a0\u00bb][et_pb_text _builder_version=\u00a0\u00bb4.19.4&Prime; text_font=\u00a0\u00bb|700|||||||\u00a0\u00bb text_text_color=\u00a0\u00bb#ffffff\u00a0\u00bb text_font_size=\u00a0\u00bb20px\u00a0\u00bb header_font=\u00a0\u00bb||||||||\u00a0\u00bb background_layout=\u00a0\u00bbdark\u00a0\u00bb custom_margin=\u00a0\u00bb||\u00a0\u00bb custom_padding=\u00a0\u00bb||\u00a0\u00bb hover_enabled=\u00a0\u00bb0&Prime; global_colors_info=\u00a0\u00bb{}\u00a0\u00bb sticky_enabled=\u00a0\u00bb0&Prime;]<\/p>\n<h3>E40<\/h3>\n<p>[\/et_pb_text][\/et_pb_column][\/et_pb_row][et_pb_row _builder_version=\u00a0\u00bb4.17.3&Prime; _module_preset=\u00a0\u00bbdefault\u00a0\u00bb global_colors_info=\u00a0\u00bb{}\u00a0\u00bb][et_pb_column type=\u00a0\u00bb4_4&Prime; _builder_version=\u00a0\u00bb4.17.3&Prime; _module_preset=\u00a0\u00bbdefault\u00a0\u00bb global_colors_info=\u00a0\u00bb{}\u00a0\u00bb][et_pb_gallery gallery_ids=\u00a0\u00bb1154&Prime; fullwidth=\u00a0\u00bbon\u00a0\u00bb _builder_version=\u00a0\u00bb4.19.4&Prime; _module_preset=\u00a0\u00bbdefault\u00a0\u00bb global_colors_info=\u00a0\u00bb{}\u00a0\u00bb][\/et_pb_gallery][\/et_pb_column][\/et_pb_row][et_pb_row _builder_version=\u00a0\u00bb4.16&Prime; _module_preset=\u00a0\u00bbdefault\u00a0\u00bb global_colors_info=\u00a0\u00bb{}\u00a0\u00bb][et_pb_column type=\u00a0\u00bb4_4&Prime; _builder_version=\u00a0\u00bb4.16&Prime; _module_preset=\u00a0\u00bbdefault\u00a0\u00bb global_colors_info=\u00a0\u00bb{}\u00a0\u00bb][et_pb_text _builder_version=\u00a0\u00bb4.19.4&Prime; _module_preset=\u00a0\u00bbdefault\u00a0\u00bb global_colors_info=\u00a0\u00bb{}\u00a0\u00bb]<\/p>\n\n<table id=\"tablepress-19\" class=\"tablepress tablepress-id-19\">\n<thead>\n<tr class=\"row-1\">\n\t<th class=\"column-1\">N\u00b0<\/th><th class=\"column-2\">CODE <\/th><th class=\"column-3\">DESIGNATION<\/th>\n<\/tr>\n<\/thead>\n<tbody class=\"row-striping row-hover\">\n<tr class=\"row-2\">\n\t<td class=\"column-1\">1<\/td><td class=\"column-2\">9920684<\/td><td class=\"column-3\">E40-COLECTOR PRIMARIO<\/td>\n<\/tr>\n<tr class=\"row-3\">\n\t<td class=\"column-1\">2<\/td><td class=\"column-2\">9920655<\/td><td class=\"column-3\">E-30-M-HF-COSTADO INTERIOR IZDO<\/td>\n<\/tr>\n<tr class=\"row-4\">\n\t<td class=\"column-1\">3<\/td><td class=\"column-2\">9920681<\/td><td class=\"column-3\">E-30-M-HF-PLACA DEFLECTORA<\/td>\n<\/tr>\n<tr class=\"row-5\">\n\t<td class=\"column-1\">4<\/td><td class=\"column-2\">9920683<\/td><td class=\"column-3\">E-30-HF-SUFRIDERA PLACA DEFLECTORA<\/td>\n<\/tr>\n<tr class=\"row-6\">\n\t<td class=\"column-1\">5<\/td><td class=\"column-2\">9920685<\/td><td class=\"column-3\">E40-TECHO<\/td>\n<\/tr>\n<tr class=\"row-7\">\n\t<td class=\"column-1\">6<\/td><td class=\"column-2\">9920686<\/td><td class=\"column-3\">E40-COLLAR SALIDA DE HUMOS<\/td>\n<\/tr>\n<tr class=\"row-8\">\n\t<td class=\"column-1\">7<\/td><td class=\"column-2\">9920687<\/td><td class=\"column-3\">E40-TAPA SALIDA DE HUMOS<\/td>\n<\/tr>\n<tr class=\"row-9\">\n\t<td class=\"column-1\">8<\/td><td class=\"column-2\">9920688<\/td><td class=\"column-3\">E40-TRASERA<\/td>\n<\/tr>\n<tr class=\"row-10\">\n\t<td class=\"column-1\">9<\/td><td class=\"column-2\">9920657<\/td><td class=\"column-3\">E-30-M-HF-TRASERA INTERIOR<\/td>\n<\/tr>\n<tr class=\"row-11\">\n\t<td class=\"column-1\">10<\/td><td class=\"column-2\">9920689<\/td><td class=\"column-3\">E40-FIBRA CERAMICA TRASERA<\/td>\n<\/tr>\n<tr class=\"row-12\">\n\t<td class=\"column-1\">11<\/td><td class=\"column-2\">9920658<\/td><td class=\"column-3\">E-30-M-HF-COSTADO INTERIOR DCHO<\/td>\n<\/tr>\n<tr class=\"row-13\">\n\t<td class=\"column-1\">12<\/td><td class=\"column-2\">9920690<\/td><td class=\"column-3\">E40-FIBRA CERAMICA LATERAL (2 UDS)<\/td>\n<\/tr>\n<tr class=\"row-14\">\n\t<td class=\"column-1\">13<\/td><td class=\"column-2\">9920691<\/td><td class=\"column-3\">E40-COSTADO DERECHO\/IZQUIERDO<\/td>\n<\/tr>\n<tr class=\"row-15\">\n\t<td class=\"column-1\">14<\/td><td class=\"column-2\">9920182<\/td><td class=\"column-3\">E-30-PARRILLA<\/td>\n<\/tr>\n<tr class=\"row-16\">\n\t<td class=\"column-1\">15<\/td><td class=\"column-2\">9920692<\/td><td class=\"column-3\">E40-PATA DERECHA\/IZQUIERDA<\/td>\n<\/tr>\n<tr class=\"row-17\">\n\t<td class=\"column-1\">16<\/td><td class=\"column-2\">9920693<\/td><td class=\"column-3\">E40-TAPA PATA DERECHA\/IZQUIERDA<\/td>\n<\/tr>\n<tr class=\"row-18\">\n\t<td class=\"column-1\">17<\/td><td class=\"column-2\">9920694<\/td><td class=\"column-3\">E40-FONDO<\/td>\n<\/tr>\n<tr class=\"row-19\">\n\t<td class=\"column-1\">18<\/td><td class=\"column-2\">9920695<\/td><td class=\"column-3\">E40-VALVULA DE AIRE PRIMARIO<\/td>\n<\/tr>\n<tr class=\"row-20\">\n\t<td class=\"column-1\">19<\/td><td class=\"column-2\">9920696<\/td><td class=\"column-3\">E40-CAJON PARA CENICERO<\/td>\n<\/tr>\n<tr class=\"row-21\">\n\t<td class=\"column-1\">20<\/td><td class=\"column-2\">9920697<\/td><td class=\"column-3\">E40-MANDO VALVULA DE AIRE<\/td>\n<\/tr>\n<tr class=\"row-22\">\n\t<td class=\"column-1\">21<\/td><td class=\"column-2\">9920698<\/td><td class=\"column-3\">E40-VALVULA DE ENCENDIDO<\/td>\n<\/tr>\n<tr class=\"row-23\">\n\t<td class=\"column-1\">22<\/td><td class=\"column-2\">9920699<\/td><td class=\"column-3\">E40-CONJUNTO CENICERO<\/td>\n<\/tr>\n<tr class=\"row-24\">\n\t<td class=\"column-1\">23<\/td><td class=\"column-2\">9920057<\/td><td class=\"column-3\">E30-H03-PLANE-CURVO-CONJ,CIERRE PUERTA<\/td>\n<\/tr>\n<tr class=\"row-25\">\n\t<td class=\"column-1\">24<\/td><td class=\"column-2\">9920700<\/td><td class=\"column-3\">E40-CONJUNTO MANDO CIERRE PUERTA<\/td>\n<\/tr>\n<tr class=\"row-26\">\n\t<td class=\"column-1\">25<\/td><td class=\"column-2\">9920876<\/td><td class=\"column-3\">E-40-C-14-MANDO PUERTA DE HOGAR<\/td>\n<\/tr>\n<tr class=\"row-27\">\n\t<td class=\"column-1\">26<\/td><td class=\"column-2\">9920702<\/td><td class=\"column-3\">E40-CRISTAL PUERTA DE HOGAR<\/td>\n<\/tr>\n<tr class=\"row-28\">\n\t<td class=\"column-1\">27<\/td><td class=\"column-2\">9920193<\/td><td class=\"column-3\">E-30-CORDON PUERTA J38 (3 METROS)<\/td>\n<\/tr>\n<tr class=\"row-29\">\n\t<td class=\"column-1\">28<\/td><td class=\"column-2\">9920703<\/td><td class=\"column-3\">E40-PUERTA DE HOGAR<\/td>\n<\/tr>\n<tr class=\"row-30\">\n\t<td class=\"column-1\">29<\/td><td class=\"column-2\">9920192<\/td><td class=\"column-3\">E-30-CORDON CRISTAL J14 (3 METROS)<\/td>\n<\/tr>\n<tr class=\"row-31\">\n\t<td class=\"column-1\">30<\/td><td class=\"column-2\">9917002<\/td><td class=\"column-3\">GRAPAS CRISTAL UNIFICADA + TORNILLOS (4)<\/td>\n<\/tr>\n<tr class=\"row-32\">\n\t<td class=\"column-1\">31<\/td><td class=\"column-2\">9920197<\/td><td class=\"column-3\">E-30-CONJUNTO BISAGRA PUERTA HOGAR<\/td>\n<\/tr>\n<tr class=\"row-33\">\n\t<td class=\"column-1\">32<\/td><td class=\"column-2\">9920704<\/td><td class=\"column-3\">E40-FRENTE<\/td>\n<\/tr>\n<\/tbody>\n<\/table>\n<!-- #tablepress-19 from cache -->\n<p>[\/et_pb_text][\/et_pb_column][\/et_pb_row][\/et_pb_section]<\/p>\n","protected":false},"excerpt":{"rendered":"<p>PI\u00c8CES D\u00c9TACH\u00c9ESE40\n<table id=\"tablepress-19-no-2\" class=\"tablepress tablepress-id-19\">\n<thead>\n<tr class=\"row-1\">\n\t<th class=\"column-1\">N\u00b0<\/th><th class=\"column-2\">CODE <\/th><th class=\"column-3\">DESIGNATION<\/th>\n<\/tr>\n<\/thead>\n<tbody class=\"row-striping row-hover\">\n<tr class=\"row-2\">\n\t<td class=\"column-1\">1<\/td><td class=\"column-2\">9920684<\/td><td class=\"column-3\">E40-COLECTOR PRIMARIO<\/td>\n<\/tr>\n<tr class=\"row-3\">\n\t<td class=\"column-1\">2<\/td><td class=\"column-2\">9920655<\/td><td class=\"column-3\">E-30-M-HF-COSTADO INTERIOR IZDO<\/td>\n<\/tr>\n<tr class=\"row-4\">\n\t<td class=\"column-1\">3<\/td><td class=\"column-2\">9920681<\/td><td class=\"column-3\">E-30-M-HF-PLACA DEFLECTORA<\/td>\n<\/tr>\n<tr class=\"row-5\">\n\t<td class=\"column-1\">4<\/td><td class=\"column-2\">9920683<\/td><td class=\"column-3\">E-30-HF-SUFRIDERA PLACA DEFLECTORA<\/td>\n<\/tr>\n<tr class=\"row-6\">\n\t<td class=\"column-1\">5<\/td><td class=\"column-2\">9920685<\/td><td class=\"column-3\">E40-TECHO<\/td>\n<\/tr>\n<tr class=\"row-7\">\n\t<td class=\"column-1\">6<\/td><td class=\"column-2\">9920686<\/td><td class=\"column-3\">E40-COLLAR SALIDA DE HUMOS<\/td>\n<\/tr>\n<tr class=\"row-8\">\n\t<td class=\"column-1\">7<\/td><td class=\"column-2\">9920687<\/td><td class=\"column-3\">E40-TAPA SALIDA DE HUMOS<\/td>\n<\/tr>\n<tr class=\"row-9\">\n\t<td class=\"column-1\">8<\/td><td class=\"column-2\">9920688<\/td><td class=\"column-3\">E40-TRASERA<\/td>\n<\/tr>\n<tr class=\"row-10\">\n\t<td class=\"column-1\">9<\/td><td class=\"column-2\">9920657<\/td><td class=\"column-3\">E-30-M-HF-TRASERA INTERIOR<\/td>\n<\/tr>\n<tr class=\"row-11\">\n\t<td class=\"column-1\">10<\/td><td class=\"column-2\">9920689<\/td><td class=\"column-3\">E40-FIBRA CERAMICA TRASERA<\/td>\n<\/tr>\n<tr class=\"row-12\">\n\t<td class=\"column-1\">11<\/td><td class=\"column-2\">9920658<\/td><td class=\"column-3\">E-30-M-HF-COSTADO INTERIOR DCHO<\/td>\n<\/tr>\n<tr class=\"row-13\">\n\t<td class=\"column-1\">12<\/td><td class=\"column-2\">9920690<\/td><td class=\"column-3\">E40-FIBRA CERAMICA LATERAL (2 UDS)<\/td>\n<\/tr>\n<tr class=\"row-14\">\n\t<td class=\"column-1\">13<\/td><td class=\"column-2\">9920691<\/td><td class=\"column-3\">E40-COSTADO DERECHO\/IZQUIERDO<\/td>\n<\/tr>\n<tr class=\"row-15\">\n\t<td class=\"column-1\">14<\/td><td class=\"column-2\">9920182<\/td><td class=\"column-3\">E-30-PARRILLA<\/td>\n<\/tr>\n<tr class=\"row-16\">\n\t<td class=\"column-1\">15<\/td><td class=\"column-2\">9920692<\/td><td class=\"column-3\">E40-PATA DERECHA\/IZQUIERDA<\/td>\n<\/tr>\n<tr class=\"row-17\">\n\t<td class=\"column-1\">16<\/td><td class=\"column-2\">9920693<\/td><td class=\"column-3\">E40-TAPA PATA DERECHA\/IZQUIERDA<\/td>\n<\/tr>\n<tr class=\"row-18\">\n\t<td class=\"column-1\">17<\/td><td class=\"column-2\">9920694<\/td><td class=\"column-3\">E40-FONDO<\/td>\n<\/tr>\n<tr class=\"row-19\">\n\t<td class=\"column-1\">18<\/td><td class=\"column-2\">9920695<\/td><td class=\"column-3\">E40-VALVULA DE AIRE PRIMARIO<\/td>\n<\/tr>\n<tr class=\"row-20\">\n\t<td class=\"column-1\">19<\/td><td class=\"column-2\">9920696<\/td><td class=\"column-3\">E40-CAJON PARA CENICERO<\/td>\n<\/tr>\n<tr class=\"row-21\">\n\t<td class=\"column-1\">20<\/td><td class=\"column-2\">9920697<\/td><td class=\"column-3\">E40-MANDO VALVULA DE AIRE<\/td>\n<\/tr>\n<tr class=\"row-22\">\n\t<td class=\"column-1\">21<\/td><td class=\"column-2\">9920698<\/td><td class=\"column-3\">E40-VALVULA DE ENCENDIDO<\/td>\n<\/tr>\n<tr class=\"row-23\">\n\t<td class=\"column-1\">22<\/td><td class=\"column-2\">9920699<\/td><td class=\"column-3\">E40-CONJUNTO CENICERO<\/td>\n<\/tr>\n<tr class=\"row-24\">\n\t<td class=\"column-1\">23<\/td><td class=\"column-2\">9920057<\/td><td class=\"column-3\">E30-H03-PLANE-CURVO-CONJ,CIERRE PUERTA<\/td>\n<\/tr>\n<tr class=\"row-25\">\n\t<td class=\"column-1\">24<\/td><td class=\"column-2\">9920700<\/td><td class=\"column-3\">E40-CONJUNTO MANDO CIERRE PUERTA<\/td>\n<\/tr>\n<tr class=\"row-26\">\n\t<td class=\"column-1\">25<\/td><td class=\"column-2\">9920876<\/td><td class=\"column-3\">E-40-C-14-MANDO PUERTA DE HOGAR<\/td>\n<\/tr>\n<tr class=\"row-27\">\n\t<td class=\"column-1\">26<\/td><td class=\"column-2\">9920702<\/td><td class=\"column-3\">E40-CRISTAL PUERTA DE HOGAR<\/td>\n<\/tr>\n<tr class=\"row-28\">\n\t<td class=\"column-1\">27<\/td><td class=\"column-2\">9920193<\/td><td class=\"column-3\">E-30-CORDON PUERTA J38 (3 METROS)<\/td>\n<\/tr>\n<tr class=\"row-29\">\n\t<td class=\"column-1\">28<\/td><td class=\"column-2\">9920703<\/td><td class=\"column-3\">E40-PUERTA DE HOGAR<\/td>\n<\/tr>\n<tr class=\"row-30\">\n\t<td class=\"column-1\">29<\/td><td class=\"column-2\">9920192<\/td><td class=\"column-3\">E-30-CORDON CRISTAL J14 (3 METROS)<\/td>\n<\/tr>\n<tr class=\"row-31\">\n\t<td class=\"column-1\">30<\/td><td class=\"column-2\">9917002<\/td><td class=\"column-3\">GRAPAS CRISTAL UNIFICADA + TORNILLOS (4)<\/td>\n<\/tr>\n<tr class=\"row-32\">\n\t<td class=\"column-1\">31<\/td><td class=\"column-2\">9920197<\/td><td class=\"column-3\">E-30-CONJUNTO BISAGRA PUERTA HOGAR<\/td>\n<\/tr>\n<tr class=\"row-33\">\n\t<td class=\"column-1\">32<\/td><td class=\"column-2\">9920704<\/td><td class=\"column-3\">E40-FRENTE<\/td>\n<\/tr>\n<\/tbody>\n<\/table>\n<\/p>","protected":false},"author":1,"featured_media":0,"parent":0,"menu_order":0,"comment_status":"closed","ping_status":"closed","template":"","meta":{"_et_pb_use_builder":"on","_et_pb_old_content":"","_et_gb_content_width":"","footnotes":""},"class_list":["post-1152","page","type-page","status-publish","hentry"],"yoast_head":"<!-- This site is optimized with the Yoast SEO plugin v27.1.1 - https:\/\/yoast.com\/product\/yoast-seo-wordpress\/ -->\n<title>PIECES DETACHEES E40 - SCJ STOVE WORKS<\/title>\n<meta name=\"robots\" content=\"index, follow, max-snippet:-1, max-image-preview:large, max-video-preview:-1\" \/>\n<link rel=\"canonical\" href=\"https:\/\/www.scj-stoveworks.com\/nl\/pieces-detachees-e40\/\" \/>\n<meta property=\"og:locale\" content=\"nl_BE\" \/>\n<meta property=\"og:type\" content=\"article\" \/>\n<meta property=\"og:title\" content=\"PIECES DETACHEES E40 - SCJ STOVE WORKS\" \/>\n<meta property=\"og:description\" content=\"PI\u00c8CES D\u00c9TACH\u00c9ESE40\" \/>\n<meta property=\"og:url\" content=\"https:\/\/www.scj-stoveworks.com\/nl\/pieces-detachees-e40\/\" \/>\n<meta property=\"og:site_name\" content=\"SCJ STOVE WORKS\" \/>\n<meta property=\"article:modified_time\" content=\"2023-01-26T09:07:48+00:00\" \/>\n<meta name=\"twitter:card\" content=\"summary_large_image\" \/>\n<meta name=\"twitter:label1\" content=\"Geschatte leestijd\" \/>\n\t<meta name=\"twitter:data1\" content=\"1 minuut\" \/>\n<script type=\"application\/ld+json\" class=\"yoast-schema-graph\">{\"@context\":\"https:\/\/schema.org\",\"@graph\":[{\"@type\":\"WebPage\",\"@id\":\"https:\/\/www.scj-stoveworks.com\/pieces-detachees-e40\/\",\"url\":\"https:\/\/www.scj-stoveworks.com\/pieces-detachees-e40\/\",\"name\":\"PIECES DETACHEES E40 - SCJ STOVE WORKS\",\"isPartOf\":{\"@id\":\"https:\/\/www.scj-stoveworks.com\/#website\"},\"datePublished\":\"2023-01-26T08:59:54+00:00\",\"dateModified\":\"2023-01-26T09:07:48+00:00\",\"breadcrumb\":{\"@id\":\"https:\/\/www.scj-stoveworks.com\/pieces-detachees-e40\/#breadcrumb\"},\"inLanguage\":\"nl-BE\",\"potentialAction\":[{\"@type\":\"ReadAction\",\"target\":[\"https:\/\/www.scj-stoveworks.com\/pieces-detachees-e40\/\"]}]},{\"@type\":\"BreadcrumbList\",\"@id\":\"https:\/\/www.scj-stoveworks.com\/pieces-detachees-e40\/#breadcrumb\",\"itemListElement\":[{\"@type\":\"ListItem\",\"position\":1,\"name\":\"Accueil\",\"item\":\"https:\/\/www.scj-stoveworks.com\/\"},{\"@type\":\"ListItem\",\"position\":2,\"name\":\"PIECES DETACHEES E40\"}]},{\"@type\":\"WebSite\",\"@id\":\"https:\/\/www.scj-stoveworks.com\/#website\",\"url\":\"https:\/\/www.scj-stoveworks.com\/\",\"name\":\"SCJ STOVE WORKS\",\"description\":\"fabricant d&#039;appareils de chauffage\",\"publisher\":{\"@id\":\"https:\/\/www.scj-stoveworks.com\/#organization\"},\"potentialAction\":[{\"@type\":\"SearchAction\",\"target\":{\"@type\":\"EntryPoint\",\"urlTemplate\":\"https:\/\/www.scj-stoveworks.com\/?s={search_term_string}\"},\"query-input\":{\"@type\":\"PropertyValueSpecification\",\"valueRequired\":true,\"valueName\":\"search_term_string\"}}],\"inLanguage\":\"nl-BE\"},{\"@type\":\"Organization\",\"@id\":\"https:\/\/www.scj-stoveworks.com\/#organization\",\"name\":\"SCJ Stove Works sprl\",\"url\":\"https:\/\/www.scj-stoveworks.com\/\",\"logo\":{\"@type\":\"ImageObject\",\"inLanguage\":\"nl-BE\",\"@id\":\"https:\/\/www.scj-stoveworks.com\/#\/schema\/logo\/image\/\",\"url\":\"https:\/\/www.scj-stoveworks.com\/wp-content\/uploads\/2019\/10\/scj-512x512.jpg\",\"contentUrl\":\"https:\/\/www.scj-stoveworks.com\/wp-content\/uploads\/2019\/10\/scj-512x512.jpg\",\"width\":512,\"height\":512,\"caption\":\"SCJ Stove Works sprl\"},\"image\":{\"@id\":\"https:\/\/www.scj-stoveworks.com\/#\/schema\/logo\/image\/\"}}]}<\/script>\n<!-- \/ Yoast SEO plugin. -->","yoast_head_json":{"title":"PIECES DETACHEES E40 - SCJ STOVE WORKS","robots":{"index":"index","follow":"follow","max-snippet":"max-snippet:-1","max-image-preview":"max-image-preview:large","max-video-preview":"max-video-preview:-1"},"canonical":"https:\/\/www.scj-stoveworks.com\/nl\/pieces-detachees-e40\/","og_locale":"nl_BE","og_type":"article","og_title":"PIECES DETACHEES E40 - SCJ STOVE WORKS","og_description":"PI\u00c8CES D\u00c9TACH\u00c9ESE40","og_url":"https:\/\/www.scj-stoveworks.com\/nl\/pieces-detachees-e40\/","og_site_name":"SCJ STOVE WORKS","article_modified_time":"2023-01-26T09:07:48+00:00","twitter_card":"summary_large_image","twitter_misc":{"Geschatte leestijd":"1 minuut"},"schema":{"@context":"https:\/\/schema.org","@graph":[{"@type":"WebPage","@id":"https:\/\/www.scj-stoveworks.com\/pieces-detachees-e40\/","url":"https:\/\/www.scj-stoveworks.com\/pieces-detachees-e40\/","name":"PIECES DETACHEES E40 - SCJ STOVE WORKS","isPartOf":{"@id":"https:\/\/www.scj-stoveworks.com\/#website"},"datePublished":"2023-01-26T08:59:54+00:00","dateModified":"2023-01-26T09:07:48+00:00","breadcrumb":{"@id":"https:\/\/www.scj-stoveworks.com\/pieces-detachees-e40\/#breadcrumb"},"inLanguage":"nl-BE","potentialAction":[{"@type":"ReadAction","target":["https:\/\/www.scj-stoveworks.com\/pieces-detachees-e40\/"]}]},{"@type":"BreadcrumbList","@id":"https:\/\/www.scj-stoveworks.com\/pieces-detachees-e40\/#breadcrumb","itemListElement":[{"@type":"ListItem","position":1,"name":"Accueil","item":"https:\/\/www.scj-stoveworks.com\/"},{"@type":"ListItem","position":2,"name":"PIECES DETACHEES E40"}]},{"@type":"WebSite","@id":"https:\/\/www.scj-stoveworks.com\/#website","url":"https:\/\/www.scj-stoveworks.com\/","name":"SCJ STOVE WORKS","description":"fabricant d&#039;appareils de chauffage","publisher":{"@id":"https:\/\/www.scj-stoveworks.com\/#organization"},"potentialAction":[{"@type":"SearchAction","target":{"@type":"EntryPoint","urlTemplate":"https:\/\/www.scj-stoveworks.com\/?s={search_term_string}"},"query-input":{"@type":"PropertyValueSpecification","valueRequired":true,"valueName":"search_term_string"}}],"inLanguage":"nl-BE"},{"@type":"Organization","@id":"https:\/\/www.scj-stoveworks.com\/#organization","name":"SCJ Stove Works sprl","url":"https:\/\/www.scj-stoveworks.com\/","logo":{"@type":"ImageObject","inLanguage":"nl-BE","@id":"https:\/\/www.scj-stoveworks.com\/#\/schema\/logo\/image\/","url":"https:\/\/www.scj-stoveworks.com\/wp-content\/uploads\/2019\/10\/scj-512x512.jpg","contentUrl":"https:\/\/www.scj-stoveworks.com\/wp-content\/uploads\/2019\/10\/scj-512x512.jpg","width":512,"height":512,"caption":"SCJ Stove Works sprl"},"image":{"@id":"https:\/\/www.scj-stoveworks.com\/#\/schema\/logo\/image\/"}}]}},"_links":{"self":[{"href":"https:\/\/www.scj-stoveworks.com\/nl\/wp-json\/wp\/v2\/pages\/1152","targetHints":{"allow":["GET"]}}],"collection":[{"href":"https:\/\/www.scj-stoveworks.com\/nl\/wp-json\/wp\/v2\/pages"}],"about":[{"href":"https:\/\/www.scj-stoveworks.com\/nl\/wp-json\/wp\/v2\/types\/page"}],"author":[{"embeddable":true,"href":"https:\/\/www.scj-stoveworks.com\/nl\/wp-json\/wp\/v2\/users\/1"}],"replies":[{"embeddable":true,"href":"https:\/\/www.scj-stoveworks.com\/nl\/wp-json\/wp\/v2\/comments?post=1152"}],"version-history":[{"count":5,"href":"https:\/\/www.scj-stoveworks.com\/nl\/wp-json\/wp\/v2\/pages\/1152\/revisions"}],"predecessor-version":[{"id":1162,"href":"https:\/\/www.scj-stoveworks.com\/nl\/wp-json\/wp\/v2\/pages\/1152\/revisions\/1162"}],"wp:attachment":[{"href":"https:\/\/www.scj-stoveworks.com\/nl\/wp-json\/wp\/v2\/media?parent=1152"}],"curies":[{"name":"wp","href":"https:\/\/api.w.org\/{rel}","templated":true}]}}