{"id":1202,"date":"2023-01-28T10:11:26","date_gmt":"2023-01-28T09:11:26","guid":{"rendered":"https:\/\/www.scj-stoveworks.com\/?page_id=1202"},"modified":"2023-01-28T10:11:56","modified_gmt":"2023-01-28T09:11:56","slug":"pieces-detachees-m43","status":"publish","type":"page","link":"https:\/\/www.scj-stoveworks.com\/nl\/pieces-detachees-m43\/","title":{"rendered":"PIECES DETACHEES M43"},"content":{"rendered":"<p>[et_pb_section fb_built=\u00a0\u00bb1&Prime; _builder_version=\u00a0\u00bb4.16&Prime; background_color=\u00a0\u00bbrgba(0,0,0,0)\u00a0\u00bb custom_padding=\u00a0\u00bb115px|0|39.6719px|0px|false|false\u00a0\u00bb global_colors_info=\u00a0\u00bb{}\u00a0\u00bb theme_builder_area=\u00a0\u00bbpost_content\u00a0\u00bb][et_pb_row make_equal=\u00a0\u00bbon\u00a0\u00bb _builder_version=\u00a0\u00bb4.16&Prime; border_color_top=\u00a0\u00bb#ffffff\u00a0\u00bb border_color_bottom=\u00a0\u00bb#ffffff\u00a0\u00bb global_colors_info=\u00a0\u00bb{}\u00a0\u00bb theme_builder_area=\u00a0\u00bbpost_content\u00a0\u00bb][et_pb_column type=\u00a0\u00bb4_4&Prime; _builder_version=\u00a0\u00bb4.16&Prime; custom_padding=\u00a0\u00bb|||\u00a0\u00bb global_colors_info=\u00a0\u00bb{}\u00a0\u00bb custom_padding__hover=\u00a0\u00bb|||\u00a0\u00bb theme_builder_area=\u00a0\u00bbpost_content\u00a0\u00bb][et_pb_text _builder_version=\u00a0\u00bb4.16&Prime; text_font=\u00a0\u00bb||||||||\u00a0\u00bb text_text_color=\u00a0\u00bb#ffffff\u00a0\u00bb text_font_size=\u00a0\u00bb27px\u00a0\u00bb global_colors_info=\u00a0\u00bb{}\u00a0\u00bb theme_builder_area=\u00a0\u00bbpost_content\u00a0\u00bb]<\/p>\n<p>PI\u00c8CES D\u00c9TACH\u00c9ES<\/p>\n<p>[\/et_pb_text][\/et_pb_column][\/et_pb_row][et_pb_row make_equal=\u00a0\u00bbon\u00a0\u00bb _builder_version=\u00a0\u00bb4.16&Prime; border_width_top=\u00a0\u00bb1px\u00a0\u00bb border_color_top=\u00a0\u00bb#ffffff\u00a0\u00bb border_width_bottom=\u00a0\u00bb1px\u00a0\u00bb border_color_bottom=\u00a0\u00bb#ffffff\u00a0\u00bb global_colors_info=\u00a0\u00bb{}\u00a0\u00bb theme_builder_area=\u00a0\u00bbpost_content\u00a0\u00bb][et_pb_column type=\u00a0\u00bb4_4&Prime; _builder_version=\u00a0\u00bb4.16&Prime; custom_padding=\u00a0\u00bb|||\u00a0\u00bb global_colors_info=\u00a0\u00bb{}\u00a0\u00bb custom_padding__hover=\u00a0\u00bb|||\u00a0\u00bb theme_builder_area=\u00a0\u00bbpost_content\u00a0\u00bb][et_pb_text _builder_version=\u00a0\u00bb4.19.4&Prime; text_font=\u00a0\u00bb|700|||||||\u00a0\u00bb text_text_color=\u00a0\u00bb#ffffff\u00a0\u00bb text_font_size=\u00a0\u00bb20px\u00a0\u00bb header_font=\u00a0\u00bb||||||||\u00a0\u00bb background_layout=\u00a0\u00bbdark\u00a0\u00bb custom_margin=\u00a0\u00bb||\u00a0\u00bb custom_padding=\u00a0\u00bb||\u00a0\u00bb hover_enabled=\u00a0\u00bb0&Prime; global_colors_info=\u00a0\u00bb{}\u00a0\u00bb theme_builder_area=\u00a0\u00bbpost_content\u00a0\u00bb sticky_enabled=\u00a0\u00bb0&Prime;]<\/p>\n<h3>M43<\/h3>\n<p>[\/et_pb_text][\/et_pb_column][\/et_pb_row][et_pb_row _builder_version=\u00a0\u00bb4.17.3&Prime; _module_preset=\u00a0\u00bbdefault\u00a0\u00bb global_colors_info=\u00a0\u00bb{}\u00a0\u00bb theme_builder_area=\u00a0\u00bbpost_content\u00a0\u00bb][et_pb_column type=\u00a0\u00bb4_4&Prime; _builder_version=\u00a0\u00bb4.17.3&Prime; _module_preset=\u00a0\u00bbdefault\u00a0\u00bb global_colors_info=\u00a0\u00bb{}\u00a0\u00bb theme_builder_area=\u00a0\u00bbpost_content\u00a0\u00bb][et_pb_gallery gallery_ids=\u00a0\u00bb1204,1205,1206,1207&Prime; fullwidth=\u00a0\u00bbon\u00a0\u00bb _builder_version=\u00a0\u00bb4.19.4&Prime; _module_preset=\u00a0\u00bbdefault\u00a0\u00bb hover_enabled=\u00a0\u00bb0&Prime; global_colors_info=\u00a0\u00bb{}\u00a0\u00bb theme_builder_area=\u00a0\u00bbpost_content\u00a0\u00bb sticky_enabled=\u00a0\u00bb0&Prime;][\/et_pb_gallery][\/et_pb_column][\/et_pb_row][et_pb_row _builder_version=\u00a0\u00bb4.16&Prime; _module_preset=\u00a0\u00bbdefault\u00a0\u00bb global_colors_info=\u00a0\u00bb{}\u00a0\u00bb theme_builder_area=\u00a0\u00bbpost_content\u00a0\u00bb][et_pb_column type=\u00a0\u00bb4_4&Prime; _builder_version=\u00a0\u00bb4.16&Prime; _module_preset=\u00a0\u00bbdefault\u00a0\u00bb global_colors_info=\u00a0\u00bb{}\u00a0\u00bb theme_builder_area=\u00a0\u00bbpost_content\u00a0\u00bb][et_pb_text _builder_version=\u00a0\u00bb4.19.4&Prime; _module_preset=\u00a0\u00bbdefault\u00a0\u00bb hover_enabled=\u00a0\u00bb0&Prime; global_colors_info=\u00a0\u00bb{}\u00a0\u00bb theme_builder_area=\u00a0\u00bbpost_content\u00a0\u00bb sticky_enabled=\u00a0\u00bb0&Prime;]<\/p>\n\n<table id=\"tablepress-20\" class=\"tablepress tablepress-id-20\">\n<thead>\n<tr class=\"row-1\">\n\t<th class=\"column-1\">N\u00b0<\/th><th class=\"column-2\">M43 EUR 40943153<\/th>\n<\/tr>\n<\/thead>\n<tbody class=\"row-striping row-hover\">\n<tr class=\"row-2\">\n\t<td class=\"column-1\">A1<\/td><td class=\"column-2\">993900367<\/td>\n<\/tr>\n<tr class=\"row-3\">\n\t<td class=\"column-1\">A2<\/td><td class=\"column-2\">993900368<\/td>\n<\/tr>\n<tr class=\"row-4\">\n\t<td class=\"column-1\">A3** <\/td><td class=\"column-2\">99J12<\/td>\n<\/tr>\n<tr class=\"row-5\">\n\t<td class=\"column-1\">A4**<\/td><td class=\"column-2\">99J05700DC695<\/td>\n<\/tr>\n<tr class=\"row-6\">\n\t<td class=\"column-1\"> A5<\/td><td class=\"column-2\">993900369<\/td>\n<\/tr>\n<tr class=\"row-7\">\n\t<td class=\"column-1\">A6<\/td><td class=\"column-2\">993900371<\/td>\n<\/tr>\n<tr class=\"row-8\">\n\t<td class=\"column-1\"> A7<\/td><td class=\"column-2\">9917325<\/td>\n<\/tr>\n<tr class=\"row-9\">\n\t<td class=\"column-1\">A8<\/td><td class=\"column-2\">993900373<\/td>\n<\/tr>\n<tr class=\"row-10\">\n\t<td class=\"column-1\"> A9 <\/td><td class=\"column-2\">993900372<\/td>\n<\/tr>\n<tr class=\"row-11\">\n\t<td class=\"column-1\">A10<\/td><td class=\"column-2\">9920747<\/td>\n<\/tr>\n<tr class=\"row-12\">\n\t<td class=\"column-1\">A11 <\/td><td class=\"column-2\">993900370<\/td>\n<\/tr>\n<tr class=\"row-13\">\n\t<td class=\"column-1\">A12<\/td><td class=\"column-2\">993900363<\/td>\n<\/tr>\n<tr class=\"row-14\">\n\t<td class=\"column-1\">A13<\/td><td class=\"column-2\">993900401<\/td>\n<\/tr>\n<tr class=\"row-15\">\n\t<td class=\"column-1\">B1*** <\/td><td class=\"column-2\">99TI603840<\/td>\n<\/tr>\n<tr class=\"row-16\">\n\t<td class=\"column-1\">B2<\/td><td class=\"column-2\">993900374<\/td>\n<\/tr>\n<tr class=\"row-17\">\n\t<td class=\"column-1\">B3 <\/td><td class=\"column-2\">993900375<\/td>\n<\/tr>\n<tr class=\"row-18\">\n\t<td class=\"column-1\">B4<\/td><td class=\"column-2\">993900376<\/td>\n<\/tr>\n<tr class=\"row-19\">\n\t<td class=\"column-1\">B5<\/td><td class=\"column-2\">993900377<\/td>\n<\/tr>\n<tr class=\"row-20\">\n\t<td class=\"column-1\">B6<\/td><td class=\"column-2\">993900378<\/td>\n<\/tr>\n<tr class=\"row-21\">\n\t<td class=\"column-1\"> B7 <\/td><td class=\"column-2\">993900379<\/td>\n<\/tr>\n<tr class=\"row-22\">\n\t<td class=\"column-1\">B8<\/td><td class=\"column-2\">993900320<\/td>\n<\/tr>\n<tr class=\"row-23\">\n\t<td class=\"column-1\"> B9<\/td><td class=\"column-2\">993043938<\/td>\n<\/tr>\n<tr class=\"row-24\">\n\t<td class=\"column-1\">B10<\/td><td class=\"column-2\">993042929<\/td>\n<\/tr>\n<tr class=\"row-25\">\n\t<td class=\"column-1\">B11<\/td><td class=\"column-2\">993042931<\/td>\n<\/tr>\n<tr class=\"row-26\">\n\t<td class=\"column-1\">B12<\/td><td class=\"column-2\">993900322<\/td>\n<\/tr>\n<tr class=\"row-27\">\n\t<td class=\"column-1\"> B13 <\/td><td class=\"column-2\">993038262<\/td>\n<\/tr>\n<tr class=\"row-28\">\n\t<td class=\"column-1\">B14<\/td><td class=\"column-2\">993900321<\/td>\n<\/tr>\n<tr class=\"row-29\">\n\t<td class=\"column-1\"> B15 <\/td><td class=\"column-2\">993900324<\/td>\n<\/tr>\n<tr class=\"row-30\">\n\t<td class=\"column-1\">B16<\/td><td class=\"column-2\">993900323<\/td>\n<\/tr>\n<tr class=\"row-31\">\n\t<td class=\"column-1\"> B17<\/td><td class=\"column-2\">993900325<\/td>\n<\/tr>\n<tr class=\"row-32\">\n\t<td class=\"column-1\">B20<\/td><td class=\"column-2\">993043308<\/td>\n<\/tr>\n<tr class=\"row-33\">\n\t<td class=\"column-1\"> B21<\/td><td class=\"column-2\">993043902<\/td>\n<\/tr>\n<tr class=\"row-34\">\n\t<td class=\"column-1\">B22<\/td><td class=\"column-2\">993044804<\/td>\n<\/tr>\n<tr class=\"row-35\">\n\t<td class=\"column-1\"> B23<\/td><td class=\"column-2\">993043457<\/td>\n<\/tr>\n<tr class=\"row-36\">\n\t<td class=\"column-1\">B24<\/td><td class=\"column-2\">993045988<\/td>\n<\/tr>\n<tr class=\"row-37\">\n\t<td class=\"column-1\"> B25<\/td><td class=\"column-2\">993900001<\/td>\n<\/tr>\n<tr class=\"row-38\">\n\t<td class=\"column-1\">B26<\/td><td class=\"column-2\">993044512<\/td>\n<\/tr>\n<tr class=\"row-39\">\n\t<td class=\"column-1\">B27** <\/td><td class=\"column-2\">99J05700DA315<\/td>\n<\/tr>\n<tr class=\"row-40\">\n\t<td class=\"column-1\">B28<\/td><td class=\"column-2\">993900097<\/td>\n<\/tr>\n<tr class=\"row-41\">\n\t<td class=\"column-1\">B29 <\/td><td class=\"column-2\">993017444<\/td>\n<\/tr>\n<tr class=\"row-42\">\n\t<td class=\"column-1\">B30<\/td><td class=\"column-2\">993047928<\/td>\n<\/tr>\n<tr class=\"row-43\">\n\t<td class=\"column-1\"> B32<\/td><td class=\"column-2\">993043909<\/td>\n<\/tr>\n<tr class=\"row-44\">\n\t<td class=\"column-1\">B33<\/td><td class=\"column-2\">993045378<\/td>\n<\/tr>\n<tr class=\"row-45\">\n\t<td class=\"column-1\">B34<\/td><td class=\"column-2\">993043950<\/td>\n<\/tr>\n<tr class=\"row-46\">\n\t<td class=\"column-1\">C1<\/td><td class=\"column-2\">993900380<\/td>\n<\/tr>\n<tr class=\"row-47\">\n\t<td class=\"column-1\">C2<\/td><td class=\"column-2\">993900381<\/td>\n<\/tr>\n<tr class=\"row-48\">\n\t<td class=\"column-1\"> C3<\/td><td class=\"column-2\">993043932<\/td>\n<\/tr>\n<tr class=\"row-49\">\n\t<td class=\"column-1\">C4<\/td><td class=\"column-2\">993043961<\/td>\n<\/tr>\n<tr class=\"row-50\">\n\t<td class=\"column-1\">D1 <\/td><td class=\"column-2\">993043928<\/td>\n<\/tr>\n<tr class=\"row-51\">\n\t<td class=\"column-1\">D2<\/td><td class=\"column-2\">993900382<\/td>\n<\/tr>\n<tr class=\"row-52\">\n\t<td class=\"column-1\"> D3 <\/td><td class=\"column-2\">993043936<\/td>\n<\/tr>\n<tr class=\"row-53\">\n\t<td class=\"column-1\">D4<\/td><td class=\"column-2\">993043961<\/td>\n<\/tr>\n<tr class=\"row-54\">\n\t<td class=\"column-1\"> D5 <\/td><td class=\"column-2\">993900326<\/td>\n<\/tr>\n<tr class=\"row-55\">\n\t<td class=\"column-1\">D6<\/td><td class=\"column-2\">9920930<\/td>\n<\/tr>\n<tr class=\"row-56\">\n\t<td class=\"column-1\"> E1<\/td><td class=\"column-2\">993020017<\/td>\n<\/tr>\n<tr class=\"row-57\">\n\t<td class=\"column-1\">E2<\/td><td class=\"column-2\">993038548<\/td>\n<\/tr>\n<tr class=\"row-58\">\n\t<td class=\"column-1\"> E3 <\/td><td class=\"column-2\">993900383<\/td>\n<\/tr>\n<tr class=\"row-59\">\n\t<td class=\"column-1\">E4*<\/td><td class=\"column-2\">993040785<\/td>\n<\/tr>\n<tr class=\"row-60\">\n\t<td class=\"column-1\"> E5 <\/td><td class=\"column-2\">993900039<\/td>\n<\/tr>\n<tr class=\"row-61\">\n\t<td class=\"column-1\">E6<\/td><td class=\"column-2\">993900026<\/td>\n<\/tr>\n<\/tbody>\n<\/table>\n<!-- #tablepress-20 from cache -->\n<p>[\/et_pb_text][et_pb_text _builder_version=\u00a0\u00bb4.19.4&Prime; _module_preset=\u00a0\u00bbdefault\u00a0\u00bb theme_builder_area=\u00a0\u00bbpost_content\u00a0\u00bb text_text_color=\u00a0\u00bb#FFFFFF\u00a0\u00bb hover_enabled=\u00a0\u00bb0&Prime; sticky_enabled=\u00a0\u00bb0&Prime;]<\/p>\n<p>REMARQUE :<br \/>* Spray laque (200 ml)<br \/>** Rechange: Joint de 5 m\u00e8tres.<br \/>*** Rechange: 10 unit\u00e9s.<\/p>\n<p>[\/et_pb_text][\/et_pb_column][\/et_pb_row][\/et_pb_section]<\/p>\n","protected":false},"excerpt":{"rendered":"<p>PI\u00c8CES D\u00c9TACH\u00c9ESM43\n<table id=\"tablepress-20-no-2\" class=\"tablepress tablepress-id-20\">\n<thead>\n<tr class=\"row-1\">\n\t<th class=\"column-1\">N\u00b0<\/th><th class=\"column-2\">M43 EUR 40943153<\/th>\n<\/tr>\n<\/thead>\n<tbody class=\"row-striping row-hover\">\n<tr class=\"row-2\">\n\t<td class=\"column-1\">A1<\/td><td class=\"column-2\">993900367<\/td>\n<\/tr>\n<tr class=\"row-3\">\n\t<td class=\"column-1\">A2<\/td><td class=\"column-2\">993900368<\/td>\n<\/tr>\n<tr class=\"row-4\">\n\t<td class=\"column-1\">A3** <\/td><td class=\"column-2\">99J12<\/td>\n<\/tr>\n<tr class=\"row-5\">\n\t<td class=\"column-1\">A4**<\/td><td class=\"column-2\">99J05700DC695<\/td>\n<\/tr>\n<tr class=\"row-6\">\n\t<td class=\"column-1\"> A5<\/td><td class=\"column-2\">993900369<\/td>\n<\/tr>\n<tr class=\"row-7\">\n\t<td class=\"column-1\">A6<\/td><td class=\"column-2\">993900371<\/td>\n<\/tr>\n<tr class=\"row-8\">\n\t<td class=\"column-1\"> A7<\/td><td class=\"column-2\">9917325<\/td>\n<\/tr>\n<tr class=\"row-9\">\n\t<td class=\"column-1\">A8<\/td><td class=\"column-2\">993900373<\/td>\n<\/tr>\n<tr class=\"row-10\">\n\t<td class=\"column-1\"> A9 <\/td><td class=\"column-2\">993900372<\/td>\n<\/tr>\n<tr class=\"row-11\">\n\t<td class=\"column-1\">A10<\/td><td class=\"column-2\">9920747<\/td>\n<\/tr>\n<tr class=\"row-12\">\n\t<td class=\"column-1\">A11 <\/td><td class=\"column-2\">993900370<\/td>\n<\/tr>\n<tr class=\"row-13\">\n\t<td class=\"column-1\">A12<\/td><td class=\"column-2\">993900363<\/td>\n<\/tr>\n<tr class=\"row-14\">\n\t<td class=\"column-1\">A13<\/td><td class=\"column-2\">993900401<\/td>\n<\/tr>\n<tr class=\"row-15\">\n\t<td class=\"column-1\">B1*** <\/td><td class=\"column-2\">99TI603840<\/td>\n<\/tr>\n<tr class=\"row-16\">\n\t<td class=\"column-1\">B2<\/td><td class=\"column-2\">993900374<\/td>\n<\/tr>\n<tr class=\"row-17\">\n\t<td class=\"column-1\">B3 <\/td><td class=\"column-2\">993900375<\/td>\n<\/tr>\n<tr class=\"row-18\">\n\t<td class=\"column-1\">B4<\/td><td class=\"column-2\">993900376<\/td>\n<\/tr>\n<tr class=\"row-19\">\n\t<td class=\"column-1\">B5<\/td><td class=\"column-2\">993900377<\/td>\n<\/tr>\n<tr class=\"row-20\">\n\t<td class=\"column-1\">B6<\/td><td class=\"column-2\">993900378<\/td>\n<\/tr>\n<tr class=\"row-21\">\n\t<td class=\"column-1\"> B7 <\/td><td class=\"column-2\">993900379<\/td>\n<\/tr>\n<tr class=\"row-22\">\n\t<td class=\"column-1\">B8<\/td><td class=\"column-2\">993900320<\/td>\n<\/tr>\n<tr class=\"row-23\">\n\t<td class=\"column-1\"> B9<\/td><td class=\"column-2\">993043938<\/td>\n<\/tr>\n<tr class=\"row-24\">\n\t<td class=\"column-1\">B10<\/td><td class=\"column-2\">993042929<\/td>\n<\/tr>\n<tr class=\"row-25\">\n\t<td class=\"column-1\">B11<\/td><td class=\"column-2\">993042931<\/td>\n<\/tr>\n<tr class=\"row-26\">\n\t<td class=\"column-1\">B12<\/td><td class=\"column-2\">993900322<\/td>\n<\/tr>\n<tr class=\"row-27\">\n\t<td class=\"column-1\"> B13 <\/td><td class=\"column-2\">993038262<\/td>\n<\/tr>\n<tr class=\"row-28\">\n\t<td class=\"column-1\">B14<\/td><td class=\"column-2\">993900321<\/td>\n<\/tr>\n<tr class=\"row-29\">\n\t<td class=\"column-1\"> B15 <\/td><td class=\"column-2\">993900324<\/td>\n<\/tr>\n<tr class=\"row-30\">\n\t<td class=\"column-1\">B16<\/td><td class=\"column-2\">993900323<\/td>\n<\/tr>\n<tr class=\"row-31\">\n\t<td class=\"column-1\"> B17<\/td><td class=\"column-2\">993900325<\/td>\n<\/tr>\n<tr class=\"row-32\">\n\t<td class=\"column-1\">B20<\/td><td class=\"column-2\">993043308<\/td>\n<\/tr>\n<tr class=\"row-33\">\n\t<td class=\"column-1\"> B21<\/td><td class=\"column-2\">993043902<\/td>\n<\/tr>\n<tr class=\"row-34\">\n\t<td class=\"column-1\">B22<\/td><td class=\"column-2\">993044804<\/td>\n<\/tr>\n<tr class=\"row-35\">\n\t<td class=\"column-1\"> B23<\/td><td class=\"column-2\">993043457<\/td>\n<\/tr>\n<tr class=\"row-36\">\n\t<td class=\"column-1\">B24<\/td><td class=\"column-2\">993045988<\/td>\n<\/tr>\n<tr class=\"row-37\">\n\t<td class=\"column-1\"> B25<\/td><td class=\"column-2\">993900001<\/td>\n<\/tr>\n<tr class=\"row-38\">\n\t<td class=\"column-1\">B26<\/td><td class=\"column-2\">993044512<\/td>\n<\/tr>\n<tr class=\"row-39\">\n\t<td class=\"column-1\">B27** <\/td><td class=\"column-2\">99J05700DA315<\/td>\n<\/tr>\n<tr class=\"row-40\">\n\t<td class=\"column-1\">B28<\/td><td class=\"column-2\">993900097<\/td>\n<\/tr>\n<tr class=\"row-41\">\n\t<td class=\"column-1\">B29 <\/td><td class=\"column-2\">993017444<\/td>\n<\/tr>\n<tr class=\"row-42\">\n\t<td class=\"column-1\">B30<\/td><td class=\"column-2\">993047928<\/td>\n<\/tr>\n<tr class=\"row-43\">\n\t<td class=\"column-1\"> B32<\/td><td class=\"column-2\">993043909<\/td>\n<\/tr>\n<tr class=\"row-44\">\n\t<td class=\"column-1\">B33<\/td><td class=\"column-2\">993045378<\/td>\n<\/tr>\n<tr class=\"row-45\">\n\t<td class=\"column-1\">B34<\/td><td class=\"column-2\">993043950<\/td>\n<\/tr>\n<tr class=\"row-46\">\n\t<td class=\"column-1\">C1<\/td><td class=\"column-2\">993900380<\/td>\n<\/tr>\n<tr class=\"row-47\">\n\t<td class=\"column-1\">C2<\/td><td class=\"column-2\">993900381<\/td>\n<\/tr>\n<tr class=\"row-48\">\n\t<td class=\"column-1\"> C3<\/td><td class=\"column-2\">993043932<\/td>\n<\/tr>\n<tr class=\"row-49\">\n\t<td class=\"column-1\">C4<\/td><td class=\"column-2\">993043961<\/td>\n<\/tr>\n<tr class=\"row-50\">\n\t<td class=\"column-1\">D1 <\/td><td class=\"column-2\">993043928<\/td>\n<\/tr>\n<tr class=\"row-51\">\n\t<td class=\"column-1\">D2<\/td><td class=\"column-2\">993900382<\/td>\n<\/tr>\n<tr class=\"row-52\">\n\t<td class=\"column-1\"> D3 <\/td><td class=\"column-2\">993043936<\/td>\n<\/tr>\n<tr class=\"row-53\">\n\t<td class=\"column-1\">D4<\/td><td class=\"column-2\">993043961<\/td>\n<\/tr>\n<tr class=\"row-54\">\n\t<td class=\"column-1\"> D5 <\/td><td class=\"column-2\">993900326<\/td>\n<\/tr>\n<tr class=\"row-55\">\n\t<td class=\"column-1\">D6<\/td><td class=\"column-2\">9920930<\/td>\n<\/tr>\n<tr class=\"row-56\">\n\t<td class=\"column-1\"> E1<\/td><td class=\"column-2\">993020017<\/td>\n<\/tr>\n<tr class=\"row-57\">\n\t<td class=\"column-1\">E2<\/td><td class=\"column-2\">993038548<\/td>\n<\/tr>\n<tr class=\"row-58\">\n\t<td class=\"column-1\"> E3 <\/td><td class=\"column-2\">993900383<\/td>\n<\/tr>\n<tr class=\"row-59\">\n\t<td class=\"column-1\">E4*<\/td><td class=\"column-2\">993040785<\/td>\n<\/tr>\n<tr class=\"row-60\">\n\t<td class=\"column-1\"> E5 <\/td><td class=\"column-2\">993900039<\/td>\n<\/tr>\n<tr class=\"row-61\">\n\t<td class=\"column-1\">E6<\/td><td class=\"column-2\">993900026<\/td>\n<\/tr>\n<\/tbody>\n<\/table>\nREMARQUE :* Spray laque (200 ml)** Rechange: Joint de 5 m\u00e8tres.*** Rechange: 10 unit\u00e9s.<\/p>","protected":false},"author":1,"featured_media":0,"parent":0,"menu_order":0,"comment_status":"closed","ping_status":"closed","template":"","meta":{"_et_pb_use_builder":"on","_et_pb_old_content":"","_et_gb_content_width":"","footnotes":""},"class_list":["post-1202","page","type-page","status-publish","hentry"],"yoast_head":"<!-- This site is optimized with the Yoast SEO plugin v27.1.1 - https:\/\/yoast.com\/product\/yoast-seo-wordpress\/ -->\n<title>PIECES DETACHEES M43 - SCJ STOVE WORKS<\/title>\n<meta name=\"robots\" content=\"index, follow, max-snippet:-1, max-image-preview:large, max-video-preview:-1\" \/>\n<link rel=\"canonical\" href=\"https:\/\/www.scj-stoveworks.com\/nl\/pieces-detachees-m43\/\" \/>\n<meta property=\"og:locale\" content=\"nl_BE\" \/>\n<meta property=\"og:type\" content=\"article\" \/>\n<meta property=\"og:title\" content=\"PIECES DETACHEES M43 - SCJ STOVE WORKS\" \/>\n<meta property=\"og:description\" content=\"PI\u00c8CES D\u00c9TACH\u00c9ESM43REMARQUE :* Spray laque (200 ml)** Rechange: Joint de 5 m\u00e8tres.*** Rechange: 10 unit\u00e9s.\" \/>\n<meta property=\"og:url\" content=\"https:\/\/www.scj-stoveworks.com\/nl\/pieces-detachees-m43\/\" \/>\n<meta property=\"og:site_name\" content=\"SCJ STOVE WORKS\" \/>\n<meta property=\"article:modified_time\" content=\"2023-01-28T09:11:56+00:00\" \/>\n<meta name=\"twitter:card\" content=\"summary_large_image\" \/>\n<script type=\"application\/ld+json\" class=\"yoast-schema-graph\">{\"@context\":\"https:\/\/schema.org\",\"@graph\":[{\"@type\":\"WebPage\",\"@id\":\"https:\/\/www.scj-stoveworks.com\/pieces-detachees-m43\/\",\"url\":\"https:\/\/www.scj-stoveworks.com\/pieces-detachees-m43\/\",\"name\":\"PIECES DETACHEES M43 - SCJ STOVE WORKS\",\"isPartOf\":{\"@id\":\"https:\/\/www.scj-stoveworks.com\/#website\"},\"datePublished\":\"2023-01-28T09:11:26+00:00\",\"dateModified\":\"2023-01-28T09:11:56+00:00\",\"breadcrumb\":{\"@id\":\"https:\/\/www.scj-stoveworks.com\/pieces-detachees-m43\/#breadcrumb\"},\"inLanguage\":\"nl-BE\",\"potentialAction\":[{\"@type\":\"ReadAction\",\"target\":[\"https:\/\/www.scj-stoveworks.com\/pieces-detachees-m43\/\"]}]},{\"@type\":\"BreadcrumbList\",\"@id\":\"https:\/\/www.scj-stoveworks.com\/pieces-detachees-m43\/#breadcrumb\",\"itemListElement\":[{\"@type\":\"ListItem\",\"position\":1,\"name\":\"Accueil\",\"item\":\"https:\/\/www.scj-stoveworks.com\/\"},{\"@type\":\"ListItem\",\"position\":2,\"name\":\"PIECES DETACHEES M43\"}]},{\"@type\":\"WebSite\",\"@id\":\"https:\/\/www.scj-stoveworks.com\/#website\",\"url\":\"https:\/\/www.scj-stoveworks.com\/\",\"name\":\"SCJ STOVE WORKS\",\"description\":\"fabricant d&#039;appareils de chauffage\",\"publisher\":{\"@id\":\"https:\/\/www.scj-stoveworks.com\/#organization\"},\"potentialAction\":[{\"@type\":\"SearchAction\",\"target\":{\"@type\":\"EntryPoint\",\"urlTemplate\":\"https:\/\/www.scj-stoveworks.com\/?s={search_term_string}\"},\"query-input\":{\"@type\":\"PropertyValueSpecification\",\"valueRequired\":true,\"valueName\":\"search_term_string\"}}],\"inLanguage\":\"nl-BE\"},{\"@type\":\"Organization\",\"@id\":\"https:\/\/www.scj-stoveworks.com\/#organization\",\"name\":\"SCJ Stove Works sprl\",\"url\":\"https:\/\/www.scj-stoveworks.com\/\",\"logo\":{\"@type\":\"ImageObject\",\"inLanguage\":\"nl-BE\",\"@id\":\"https:\/\/www.scj-stoveworks.com\/#\/schema\/logo\/image\/\",\"url\":\"https:\/\/www.scj-stoveworks.com\/wp-content\/uploads\/2019\/10\/scj-512x512.jpg\",\"contentUrl\":\"https:\/\/www.scj-stoveworks.com\/wp-content\/uploads\/2019\/10\/scj-512x512.jpg\",\"width\":512,\"height\":512,\"caption\":\"SCJ Stove Works sprl\"},\"image\":{\"@id\":\"https:\/\/www.scj-stoveworks.com\/#\/schema\/logo\/image\/\"}}]}<\/script>\n<!-- \/ Yoast SEO plugin. -->","yoast_head_json":{"title":"PIECES DETACHEES M43 - SCJ STOVE WORKS","robots":{"index":"index","follow":"follow","max-snippet":"max-snippet:-1","max-image-preview":"max-image-preview:large","max-video-preview":"max-video-preview:-1"},"canonical":"https:\/\/www.scj-stoveworks.com\/nl\/pieces-detachees-m43\/","og_locale":"nl_BE","og_type":"article","og_title":"PIECES DETACHEES M43 - SCJ STOVE WORKS","og_description":"PI\u00c8CES D\u00c9TACH\u00c9ESM43REMARQUE :* Spray laque (200 ml)** Rechange: Joint de 5 m\u00e8tres.*** Rechange: 10 unit\u00e9s.","og_url":"https:\/\/www.scj-stoveworks.com\/nl\/pieces-detachees-m43\/","og_site_name":"SCJ STOVE WORKS","article_modified_time":"2023-01-28T09:11:56+00:00","twitter_card":"summary_large_image","schema":{"@context":"https:\/\/schema.org","@graph":[{"@type":"WebPage","@id":"https:\/\/www.scj-stoveworks.com\/pieces-detachees-m43\/","url":"https:\/\/www.scj-stoveworks.com\/pieces-detachees-m43\/","name":"PIECES DETACHEES M43 - SCJ STOVE WORKS","isPartOf":{"@id":"https:\/\/www.scj-stoveworks.com\/#website"},"datePublished":"2023-01-28T09:11:26+00:00","dateModified":"2023-01-28T09:11:56+00:00","breadcrumb":{"@id":"https:\/\/www.scj-stoveworks.com\/pieces-detachees-m43\/#breadcrumb"},"inLanguage":"nl-BE","potentialAction":[{"@type":"ReadAction","target":["https:\/\/www.scj-stoveworks.com\/pieces-detachees-m43\/"]}]},{"@type":"BreadcrumbList","@id":"https:\/\/www.scj-stoveworks.com\/pieces-detachees-m43\/#breadcrumb","itemListElement":[{"@type":"ListItem","position":1,"name":"Accueil","item":"https:\/\/www.scj-stoveworks.com\/"},{"@type":"ListItem","position":2,"name":"PIECES DETACHEES M43"}]},{"@type":"WebSite","@id":"https:\/\/www.scj-stoveworks.com\/#website","url":"https:\/\/www.scj-stoveworks.com\/","name":"SCJ STOVE WORKS","description":"fabricant d&#039;appareils de chauffage","publisher":{"@id":"https:\/\/www.scj-stoveworks.com\/#organization"},"potentialAction":[{"@type":"SearchAction","target":{"@type":"EntryPoint","urlTemplate":"https:\/\/www.scj-stoveworks.com\/?s={search_term_string}"},"query-input":{"@type":"PropertyValueSpecification","valueRequired":true,"valueName":"search_term_string"}}],"inLanguage":"nl-BE"},{"@type":"Organization","@id":"https:\/\/www.scj-stoveworks.com\/#organization","name":"SCJ Stove Works sprl","url":"https:\/\/www.scj-stoveworks.com\/","logo":{"@type":"ImageObject","inLanguage":"nl-BE","@id":"https:\/\/www.scj-stoveworks.com\/#\/schema\/logo\/image\/","url":"https:\/\/www.scj-stoveworks.com\/wp-content\/uploads\/2019\/10\/scj-512x512.jpg","contentUrl":"https:\/\/www.scj-stoveworks.com\/wp-content\/uploads\/2019\/10\/scj-512x512.jpg","width":512,"height":512,"caption":"SCJ Stove Works sprl"},"image":{"@id":"https:\/\/www.scj-stoveworks.com\/#\/schema\/logo\/image\/"}}]}},"_links":{"self":[{"href":"https:\/\/www.scj-stoveworks.com\/nl\/wp-json\/wp\/v2\/pages\/1202","targetHints":{"allow":["GET"]}}],"collection":[{"href":"https:\/\/www.scj-stoveworks.com\/nl\/wp-json\/wp\/v2\/pages"}],"about":[{"href":"https:\/\/www.scj-stoveworks.com\/nl\/wp-json\/wp\/v2\/types\/page"}],"author":[{"embeddable":true,"href":"https:\/\/www.scj-stoveworks.com\/nl\/wp-json\/wp\/v2\/users\/1"}],"replies":[{"embeddable":true,"href":"https:\/\/www.scj-stoveworks.com\/nl\/wp-json\/wp\/v2\/comments?post=1202"}],"version-history":[{"count":3,"href":"https:\/\/www.scj-stoveworks.com\/nl\/wp-json\/wp\/v2\/pages\/1202\/revisions"}],"predecessor-version":[{"id":1212,"href":"https:\/\/www.scj-stoveworks.com\/nl\/wp-json\/wp\/v2\/pages\/1202\/revisions\/1212"}],"wp:attachment":[{"href":"https:\/\/www.scj-stoveworks.com\/nl\/wp-json\/wp\/v2\/media?parent=1202"}],"curies":[{"name":"wp","href":"https:\/\/api.w.org\/{rel}","templated":true}]}}