{"id":1269,"date":"2023-01-31T11:12:46","date_gmt":"2023-01-31T10:12:46","guid":{"rendered":"https:\/\/www.scj-stoveworks.com\/?page_id=1269"},"modified":"2023-01-31T11:13:42","modified_gmt":"2023-01-31T10:13:42","slug":"pieces-detachees-s34","status":"publish","type":"page","link":"https:\/\/www.scj-stoveworks.com\/nl\/pieces-detachees-s34\/","title":{"rendered":"PIECES DETACHEES S34"},"content":{"rendered":"<p>[et_pb_section fb_built=\u00a0\u00bb1&Prime; _builder_version=\u00a0\u00bb4.16&Prime; background_color=\u00a0\u00bbrgba(0,0,0,0)\u00a0\u00bb custom_padding=\u00a0\u00bb115px|0|39.6719px|0px|false|false\u00a0\u00bb global_colors_info=\u00a0\u00bb{}\u00a0\u00bb theme_builder_area=\u00a0\u00bbpost_content\u00a0\u00bb][et_pb_row make_equal=\u00a0\u00bbon\u00a0\u00bb _builder_version=\u00a0\u00bb4.16&Prime; border_color_top=\u00a0\u00bb#ffffff\u00a0\u00bb border_color_bottom=\u00a0\u00bb#ffffff\u00a0\u00bb global_colors_info=\u00a0\u00bb{}\u00a0\u00bb theme_builder_area=\u00a0\u00bbpost_content\u00a0\u00bb][et_pb_column type=\u00a0\u00bb4_4&Prime; _builder_version=\u00a0\u00bb4.16&Prime; custom_padding=\u00a0\u00bb|||\u00a0\u00bb global_colors_info=\u00a0\u00bb{}\u00a0\u00bb custom_padding__hover=\u00a0\u00bb|||\u00a0\u00bb theme_builder_area=\u00a0\u00bbpost_content\u00a0\u00bb][et_pb_text _builder_version=\u00a0\u00bb4.16&Prime; text_font=\u00a0\u00bb||||||||\u00a0\u00bb text_text_color=\u00a0\u00bb#ffffff\u00a0\u00bb text_font_size=\u00a0\u00bb27px\u00a0\u00bb global_colors_info=\u00a0\u00bb{}\u00a0\u00bb theme_builder_area=\u00a0\u00bbpost_content\u00a0\u00bb]<\/p>\n<p>PI\u00c8CES D\u00c9TACH\u00c9ES<\/p>\n<p>[\/et_pb_text][\/et_pb_column][\/et_pb_row][et_pb_row make_equal=\u00a0\u00bbon\u00a0\u00bb _builder_version=\u00a0\u00bb4.16&Prime; border_width_top=\u00a0\u00bb1px\u00a0\u00bb border_color_top=\u00a0\u00bb#ffffff\u00a0\u00bb border_width_bottom=\u00a0\u00bb1px\u00a0\u00bb border_color_bottom=\u00a0\u00bb#ffffff\u00a0\u00bb global_colors_info=\u00a0\u00bb{}\u00a0\u00bb theme_builder_area=\u00a0\u00bbpost_content\u00a0\u00bb][et_pb_column type=\u00a0\u00bb4_4&Prime; _builder_version=\u00a0\u00bb4.16&Prime; custom_padding=\u00a0\u00bb|||\u00a0\u00bb global_colors_info=\u00a0\u00bb{}\u00a0\u00bb custom_padding__hover=\u00a0\u00bb|||\u00a0\u00bb theme_builder_area=\u00a0\u00bbpost_content\u00a0\u00bb][et_pb_text _builder_version=\u00a0\u00bb4.19.4&Prime; text_font=\u00a0\u00bb|700|||||||\u00a0\u00bb text_text_color=\u00a0\u00bb#ffffff\u00a0\u00bb text_font_size=\u00a0\u00bb20px\u00a0\u00bb header_font=\u00a0\u00bb||||||||\u00a0\u00bb background_layout=\u00a0\u00bbdark\u00a0\u00bb custom_margin=\u00a0\u00bb||\u00a0\u00bb custom_padding=\u00a0\u00bb||\u00a0\u00bb hover_enabled=\u00a0\u00bb0&Prime; global_colors_info=\u00a0\u00bb{}\u00a0\u00bb theme_builder_area=\u00a0\u00bbpost_content\u00a0\u00bb sticky_enabled=\u00a0\u00bb0&Prime;]<\/p>\n<h3>STANFORD 8 (S34)<\/h3>\n<p>[\/et_pb_text][\/et_pb_column][\/et_pb_row][et_pb_row _builder_version=\u00a0\u00bb4.17.3&Prime; _module_preset=\u00a0\u00bbdefault\u00a0\u00bb global_colors_info=\u00a0\u00bb{}\u00a0\u00bb theme_builder_area=\u00a0\u00bbpost_content\u00a0\u00bb][et_pb_column type=\u00a0\u00bb4_4&Prime; _builder_version=\u00a0\u00bb4.17.3&Prime; _module_preset=\u00a0\u00bbdefault\u00a0\u00bb global_colors_info=\u00a0\u00bb{}\u00a0\u00bb theme_builder_area=\u00a0\u00bbpost_content\u00a0\u00bb][et_pb_gallery gallery_ids=\u00a0\u00bb1266&Prime; fullwidth=\u00a0\u00bbon\u00a0\u00bb _builder_version=\u00a0\u00bb4.19.4&Prime; _module_preset=\u00a0\u00bbdefault\u00a0\u00bb hover_enabled=\u00a0\u00bb0&Prime; global_colors_info=\u00a0\u00bb{}\u00a0\u00bb theme_builder_area=\u00a0\u00bbpost_content\u00a0\u00bb sticky_enabled=\u00a0\u00bb0&Prime;][\/et_pb_gallery][\/et_pb_column][\/et_pb_row][et_pb_row _builder_version=\u00a0\u00bb4.16&Prime; _module_preset=\u00a0\u00bbdefault\u00a0\u00bb global_colors_info=\u00a0\u00bb{}\u00a0\u00bb theme_builder_area=\u00a0\u00bbpost_content\u00a0\u00bb][et_pb_column type=\u00a0\u00bb4_4&Prime; _builder_version=\u00a0\u00bb4.16&Prime; _module_preset=\u00a0\u00bbdefault\u00a0\u00bb global_colors_info=\u00a0\u00bb{}\u00a0\u00bb theme_builder_area=\u00a0\u00bbpost_content\u00a0\u00bb][et_pb_text _builder_version=\u00a0\u00bb4.19.4&Prime; _module_preset=\u00a0\u00bbdefault\u00a0\u00bb hover_enabled=\u00a0\u00bb0&Prime; global_colors_info=\u00a0\u00bb{}\u00a0\u00bb theme_builder_area=\u00a0\u00bbpost_content\u00a0\u00bb sticky_enabled=\u00a0\u00bb0&Prime;]<\/p>\n\n<table id=\"tablepress-24\" class=\"tablepress tablepress-id-24\">\n<thead>\n<tr class=\"row-1\">\n\t<th class=\"column-1\"><strong>REPERE<\/strong><\/th><th class=\"column-2\"><strong>DESIGNATION<\/strong><\/th><th class=\"column-3\"><strong>N\u00b0COMMERCIAL<\/strong><\/th>\n<\/tr>\n<\/thead>\n<tbody class=\"row-striping row-hover\">\n<tr class=\"row-2\">\n\t<td class=\"column-1\">1<\/td><td class=\"column-2\">1999200170_pied<\/td><td class=\"column-3\">37720<\/td>\n<\/tr>\n<tr class=\"row-3\">\n\t<td class=\"column-1\">2<\/td><td class=\"column-2\">1999204085_porte foyer<\/td><td class=\"column-3\">41967<\/td>\n<\/tr>\n<tr class=\"row-4\">\n\t<td class=\"column-1\">3<\/td><td class=\"column-2\">1999230070_pignon gauche<\/td><td class=\"column-3\">37714<\/td>\n<\/tr>\n<tr class=\"row-5\">\n\t<td class=\"column-1\">4<\/td><td class=\"column-2\">1999230570_pignon droit<\/td><td class=\"column-3\">37717<\/td>\n<\/tr>\n<tr class=\"row-6\">\n\t<td class=\"column-1\">5<\/td><td class=\"column-2\">3029202570_devanture foyer<\/td><td class=\"column-3\">42295<\/td>\n<\/tr>\n<tr class=\"row-7\">\n\t<td class=\"column-1\">6<\/td><td class=\"column-2\">3029203070_taque<\/td><td class=\"column-3\">42298<\/td>\n<\/tr>\n<tr class=\"row-8\">\n\t<td class=\"column-1\">7<\/td><td class=\"column-2\">3029212271_bouche-trou<\/td><td class=\"column-3\">43071<\/td>\n<\/tr>\n<tr class=\"row-9\">\n\t<td class=\"column-1\">8<\/td><td class=\"column-2\">3029231370_devanture inferieure<\/td><td class=\"column-3\">43497<\/td>\n<\/tr>\n<tr class=\"row-10\">\n\t<td class=\"column-1\">9<\/td><td class=\"column-2\">4029213470_chicane arriere<\/td><td class=\"column-3\">43854<\/td>\n<\/tr>\n<tr class=\"row-11\">\n\t<td class=\"column-1\">10<\/td><td class=\"column-2\">S21++07570_buselot<\/td><td class=\"column-3\">44971<\/td>\n<\/tr>\n<tr class=\"row-12\">\n\t<td class=\"column-1\">11<\/td><td class=\"column-2\">S34++00570_fond foyer<\/td><td class=\"column-3\">45535<\/td>\n<\/tr>\n<tr class=\"row-13\">\n\t<td class=\"column-1\">12<\/td><td class=\"column-2\">3949278010_clame<\/td><td class=\"column-3\">28100<\/td>\n<\/tr>\n<tr class=\"row-14\">\n\t<td class=\"column-1\">13<\/td><td class=\"column-2\">4999166010_support plaque mobile<\/td><td class=\"column-3\">46952<\/td>\n<\/tr>\n<tr class=\"row-15\">\n\t<td class=\"column-1\">14<\/td><td class=\"column-2\">H34++412E0_fut ensemble<\/td><td class=\"column-3\">66064<\/td>\n<\/tr>\n<tr class=\"row-16\">\n\t<td class=\"column-1\">15<\/td><td class=\"column-2\">H34++560E0_chicane foyer<\/td><td class=\"column-3\">66077<\/td>\n<\/tr>\n<tr class=\"row-17\">\n\t<td class=\"column-1\">16<\/td><td class=\"column-2\">H34++694E0_equerre sup.droite<\/td><td class=\"column-3\">66074<\/td>\n<\/tr>\n<tr class=\"row-18\">\n\t<td class=\"column-1\">17<\/td><td class=\"column-2\">H34++695E0_equerre inf.droite<\/td><td class=\"column-3\">66070<\/td>\n<\/tr>\n<tr class=\"row-19\">\n\t<td class=\"column-1\">18<\/td><td class=\"column-2\">h34++77020 colonne arriere gauche<\/td><td class=\"column-3\">45357<\/td>\n<\/tr>\n<tr class=\"row-20\">\n\t<td class=\"column-1\">19<\/td><td class=\"column-2\">h34++77120_colonne arriere droite<\/td><td class=\"column-3\">45358<\/td>\n<\/tr>\n<tr class=\"row-21\">\n\t<td class=\"column-1\">20<\/td><td class=\"column-2\">H34++932E0_ramasse gouttes<\/td><td class=\"column-3\">66644<\/td>\n<\/tr>\n<tr class=\"row-22\">\n\t<td class=\"column-1\">21<\/td><td class=\"column-2\">S33++67970_support axe<\/td><td class=\"column-3\">45542<\/td>\n<\/tr>\n<tr class=\"row-23\">\n\t<td class=\"column-1\">22<\/td><td class=\"column-2\">S33++91570_allonge<\/td><td class=\"column-3\">65101<\/td>\n<\/tr>\n<tr class=\"row-24\">\n\t<td class=\"column-1\">23<\/td><td class=\"column-2\">S34++48070_serre-pyrex<\/td><td class=\"column-3\">44753<\/td>\n<\/tr>\n<tr class=\"row-25\">\n\t<td class=\"column-1\">24<\/td><td class=\"column-2\">S35++3A0E0_support buche nu<\/td><td class=\"column-3\">65660<\/td>\n<\/tr>\n<tr class=\"row-26\">\n\t<td class=\"column-1\">25<\/td><td class=\"column-2\">S35++515E0_protection sol<\/td><td class=\"column-3\">66309<\/td>\n<\/tr>\n<tr class=\"row-27\">\n\t<td class=\"column-1\">26<\/td><td class=\"column-2\">S35++84670_arret<\/td><td class=\"column-3\">46412<\/td>\n<\/tr>\n<tr class=\"row-28\">\n\t<td class=\"column-1\">27<\/td><td class=\"column-2\">0000001069_corde cer. autocol. D6mm<\/td><td class=\"column-3\">14979<\/td>\n<\/tr>\n<tr class=\"row-29\">\n\t<td class=\"column-1\">28<\/td><td class=\"column-2\">0000001143_corde ovalisee 15x10<\/td><td class=\"column-3\">18355<\/td>\n<\/tr>\n<tr class=\"row-30\">\n\t<td class=\"column-1\">29<\/td><td class=\"column-2\">0000001226_joint serre-pyrex 6mm<\/td><td class=\"column-3\">31856<\/td>\n<\/tr>\n<tr class=\"row-31\">\n\t<td class=\"column-1\">30<\/td><td class=\"column-2\">0000001454_joint lytherm d180  ep.3mm<\/td><td class=\"column-3\">45973<\/td>\n<\/tr>\n<tr class=\"row-32\">\n\t<td class=\"column-1\">31<\/td><td class=\"column-2\">0000001597_joint serre-pyrex<\/td><td class=\"column-3\">44754<\/td>\n<\/tr>\n<tr class=\"row-33\">\n\t<td class=\"column-1\">32<\/td><td class=\"column-2\">0000001766_joint protection commande<\/td><td class=\"column-3\">66873<\/td>\n<\/tr>\n<tr class=\"row-34\">\n\t<td class=\"column-1\">33<\/td><td class=\"column-2\">0000002505_vitre vitro S33 UK<\/td><td class=\"column-3\">43310<\/td>\n<\/tr>\n<tr class=\"row-35\">\n\t<td class=\"column-1\">34<\/td><td class=\"column-2\">0000004100_charniere devanture inf. HAR08<\/td><td class=\"column-3\">32827<\/td>\n<\/tr>\n<tr class=\"row-36\">\n\t<td class=\"column-1\">35<\/td><td class=\"column-2\">0000007090_rivet porte foyer tr 8x32 zn<\/td><td class=\"column-3\">31848<\/td>\n<\/tr>\n<tr class=\"row-37\">\n\t<td class=\"column-1\">36<\/td><td class=\"column-2\">0000007106_ecrou tubtara inox M5 hupo 30<\/td><td class=\"column-3\">42024<\/td>\n<\/tr>\n<tr class=\"row-38\">\n\t<td class=\"column-1\">37<\/td><td class=\"column-2\">0000015091_ens.poignee p.foyer S34<\/td><td class=\"column-3\">43198<\/td>\n<\/tr>\n<tr class=\"row-39\">\n\t<td class=\"column-1\">38<\/td><td class=\"column-2\">0000016209_ensemble bruleur-vanne NA042N2<\/td><td class=\"column-3\">66213<\/td>\n<\/tr>\n<tr class=\"row-40\">\n\t<td class=\"column-1\">39<\/td><td class=\"column-2\">0000016230_set de buches moyen<\/td><td class=\"column-3\">66234<\/td>\n<\/tr>\n<tr class=\"row-41\">\n\t<td class=\"column-1\">40<\/td><td class=\"column-2\">0000017449_butee accroch. excentrique M5<\/td><td class=\"column-3\">38547<\/td>\n<\/tr>\n<tr class=\"row-42\">\n\t<td class=\"column-1\">41<\/td><td class=\"column-2\">0000019376_telecommande G6R-H4T5<\/td><td class=\"column-3\">45399<\/td>\n<\/tr>\n<tr class=\"row-43\">\n\t<td class=\"column-1\">42<\/td><td class=\"column-2\">0000019377_recepteur_Mertik_GV60<\/td><td class=\"column-3\">45400<\/td>\n<\/tr>\n<tr class=\"row-44\">\n\t<td class=\"column-1\">43<\/td><td class=\"column-2\">0000025200_gant terrytect<\/td><td class=\"column-3\">15073<\/td>\n<\/tr>\n<tr class=\"row-45\">\n\t<td class=\"column-1\">44<\/td><td class=\"column-2\">0000709049_spray laque anth sans prop.200ml<\/td><td class=\"column-3\">40785<\/td>\n<\/tr>\n<\/tbody>\n<\/table>\n<!-- #tablepress-24 from cache -->\n<p>[\/et_pb_text][\/et_pb_column][\/et_pb_row][\/et_pb_section]<\/p>\n","protected":false},"excerpt":{"rendered":"<p>PI\u00c8CES D\u00c9TACH\u00c9ESSTANFORD 8 (S34)\n<table id=\"tablepress-24-no-2\" class=\"tablepress tablepress-id-24\">\n<thead>\n<tr class=\"row-1\">\n\t<th class=\"column-1\"><strong>REPERE<\/strong><\/th><th class=\"column-2\"><strong>DESIGNATION<\/strong><\/th><th class=\"column-3\"><strong>N\u00b0COMMERCIAL<\/strong><\/th>\n<\/tr>\n<\/thead>\n<tbody class=\"row-striping row-hover\">\n<tr class=\"row-2\">\n\t<td class=\"column-1\">1<\/td><td class=\"column-2\">1999200170_pied<\/td><td class=\"column-3\">37720<\/td>\n<\/tr>\n<tr class=\"row-3\">\n\t<td class=\"column-1\">2<\/td><td class=\"column-2\">1999204085_porte foyer<\/td><td class=\"column-3\">41967<\/td>\n<\/tr>\n<tr class=\"row-4\">\n\t<td class=\"column-1\">3<\/td><td class=\"column-2\">1999230070_pignon gauche<\/td><td class=\"column-3\">37714<\/td>\n<\/tr>\n<tr class=\"row-5\">\n\t<td class=\"column-1\">4<\/td><td class=\"column-2\">1999230570_pignon droit<\/td><td class=\"column-3\">37717<\/td>\n<\/tr>\n<tr class=\"row-6\">\n\t<td class=\"column-1\">5<\/td><td class=\"column-2\">3029202570_devanture foyer<\/td><td class=\"column-3\">42295<\/td>\n<\/tr>\n<tr class=\"row-7\">\n\t<td class=\"column-1\">6<\/td><td class=\"column-2\">3029203070_taque<\/td><td class=\"column-3\">42298<\/td>\n<\/tr>\n<tr class=\"row-8\">\n\t<td class=\"column-1\">7<\/td><td class=\"column-2\">3029212271_bouche-trou<\/td><td class=\"column-3\">43071<\/td>\n<\/tr>\n<tr class=\"row-9\">\n\t<td class=\"column-1\">8<\/td><td class=\"column-2\">3029231370_devanture inferieure<\/td><td class=\"column-3\">43497<\/td>\n<\/tr>\n<tr class=\"row-10\">\n\t<td class=\"column-1\">9<\/td><td class=\"column-2\">4029213470_chicane arriere<\/td><td class=\"column-3\">43854<\/td>\n<\/tr>\n<tr class=\"row-11\">\n\t<td class=\"column-1\">10<\/td><td class=\"column-2\">S21++07570_buselot<\/td><td class=\"column-3\">44971<\/td>\n<\/tr>\n<tr class=\"row-12\">\n\t<td class=\"column-1\">11<\/td><td class=\"column-2\">S34++00570_fond foyer<\/td><td class=\"column-3\">45535<\/td>\n<\/tr>\n<tr class=\"row-13\">\n\t<td class=\"column-1\">12<\/td><td class=\"column-2\">3949278010_clame<\/td><td class=\"column-3\">28100<\/td>\n<\/tr>\n<tr class=\"row-14\">\n\t<td class=\"column-1\">13<\/td><td class=\"column-2\">4999166010_support plaque mobile<\/td><td class=\"column-3\">46952<\/td>\n<\/tr>\n<tr class=\"row-15\">\n\t<td class=\"column-1\">14<\/td><td class=\"column-2\">H34++412E0_fut ensemble<\/td><td class=\"column-3\">66064<\/td>\n<\/tr>\n<tr class=\"row-16\">\n\t<td class=\"column-1\">15<\/td><td class=\"column-2\">H34++560E0_chicane foyer<\/td><td class=\"column-3\">66077<\/td>\n<\/tr>\n<tr class=\"row-17\">\n\t<td class=\"column-1\">16<\/td><td class=\"column-2\">H34++694E0_equerre sup.droite<\/td><td class=\"column-3\">66074<\/td>\n<\/tr>\n<tr class=\"row-18\">\n\t<td class=\"column-1\">17<\/td><td class=\"column-2\">H34++695E0_equerre inf.droite<\/td><td class=\"column-3\">66070<\/td>\n<\/tr>\n<tr class=\"row-19\">\n\t<td class=\"column-1\">18<\/td><td class=\"column-2\">h34++77020 colonne arriere gauche<\/td><td class=\"column-3\">45357<\/td>\n<\/tr>\n<tr class=\"row-20\">\n\t<td class=\"column-1\">19<\/td><td class=\"column-2\">h34++77120_colonne arriere droite<\/td><td class=\"column-3\">45358<\/td>\n<\/tr>\n<tr class=\"row-21\">\n\t<td class=\"column-1\">20<\/td><td class=\"column-2\">H34++932E0_ramasse gouttes<\/td><td class=\"column-3\">66644<\/td>\n<\/tr>\n<tr class=\"row-22\">\n\t<td class=\"column-1\">21<\/td><td class=\"column-2\">S33++67970_support axe<\/td><td class=\"column-3\">45542<\/td>\n<\/tr>\n<tr class=\"row-23\">\n\t<td class=\"column-1\">22<\/td><td class=\"column-2\">S33++91570_allonge<\/td><td class=\"column-3\">65101<\/td>\n<\/tr>\n<tr class=\"row-24\">\n\t<td class=\"column-1\">23<\/td><td class=\"column-2\">S34++48070_serre-pyrex<\/td><td class=\"column-3\">44753<\/td>\n<\/tr>\n<tr class=\"row-25\">\n\t<td class=\"column-1\">24<\/td><td class=\"column-2\">S35++3A0E0_support buche nu<\/td><td class=\"column-3\">65660<\/td>\n<\/tr>\n<tr class=\"row-26\">\n\t<td class=\"column-1\">25<\/td><td class=\"column-2\">S35++515E0_protection sol<\/td><td class=\"column-3\">66309<\/td>\n<\/tr>\n<tr class=\"row-27\">\n\t<td class=\"column-1\">26<\/td><td class=\"column-2\">S35++84670_arret<\/td><td class=\"column-3\">46412<\/td>\n<\/tr>\n<tr class=\"row-28\">\n\t<td class=\"column-1\">27<\/td><td class=\"column-2\">0000001069_corde cer. autocol. D6mm<\/td><td class=\"column-3\">14979<\/td>\n<\/tr>\n<tr class=\"row-29\">\n\t<td class=\"column-1\">28<\/td><td class=\"column-2\">0000001143_corde ovalisee 15x10<\/td><td class=\"column-3\">18355<\/td>\n<\/tr>\n<tr class=\"row-30\">\n\t<td class=\"column-1\">29<\/td><td class=\"column-2\">0000001226_joint serre-pyrex 6mm<\/td><td class=\"column-3\">31856<\/td>\n<\/tr>\n<tr class=\"row-31\">\n\t<td class=\"column-1\">30<\/td><td class=\"column-2\">0000001454_joint lytherm d180  ep.3mm<\/td><td class=\"column-3\">45973<\/td>\n<\/tr>\n<tr class=\"row-32\">\n\t<td class=\"column-1\">31<\/td><td class=\"column-2\">0000001597_joint serre-pyrex<\/td><td class=\"column-3\">44754<\/td>\n<\/tr>\n<tr class=\"row-33\">\n\t<td class=\"column-1\">32<\/td><td class=\"column-2\">0000001766_joint protection commande<\/td><td class=\"column-3\">66873<\/td>\n<\/tr>\n<tr class=\"row-34\">\n\t<td class=\"column-1\">33<\/td><td class=\"column-2\">0000002505_vitre vitro S33 UK<\/td><td class=\"column-3\">43310<\/td>\n<\/tr>\n<tr class=\"row-35\">\n\t<td class=\"column-1\">34<\/td><td class=\"column-2\">0000004100_charniere devanture inf. HAR08<\/td><td class=\"column-3\">32827<\/td>\n<\/tr>\n<tr class=\"row-36\">\n\t<td class=\"column-1\">35<\/td><td class=\"column-2\">0000007090_rivet porte foyer tr 8x32 zn<\/td><td class=\"column-3\">31848<\/td>\n<\/tr>\n<tr class=\"row-37\">\n\t<td class=\"column-1\">36<\/td><td class=\"column-2\">0000007106_ecrou tubtara inox M5 hupo 30<\/td><td class=\"column-3\">42024<\/td>\n<\/tr>\n<tr class=\"row-38\">\n\t<td class=\"column-1\">37<\/td><td class=\"column-2\">0000015091_ens.poignee p.foyer S34<\/td><td class=\"column-3\">43198<\/td>\n<\/tr>\n<tr class=\"row-39\">\n\t<td class=\"column-1\">38<\/td><td class=\"column-2\">0000016209_ensemble bruleur-vanne NA042N2<\/td><td class=\"column-3\">66213<\/td>\n<\/tr>\n<tr class=\"row-40\">\n\t<td class=\"column-1\">39<\/td><td class=\"column-2\">0000016230_set de buches moyen<\/td><td class=\"column-3\">66234<\/td>\n<\/tr>\n<tr class=\"row-41\">\n\t<td class=\"column-1\">40<\/td><td class=\"column-2\">0000017449_butee accroch. excentrique M5<\/td><td class=\"column-3\">38547<\/td>\n<\/tr>\n<tr class=\"row-42\">\n\t<td class=\"column-1\">41<\/td><td class=\"column-2\">0000019376_telecommande G6R-H4T5<\/td><td class=\"column-3\">45399<\/td>\n<\/tr>\n<tr class=\"row-43\">\n\t<td class=\"column-1\">42<\/td><td class=\"column-2\">0000019377_recepteur_Mertik_GV60<\/td><td class=\"column-3\">45400<\/td>\n<\/tr>\n<tr class=\"row-44\">\n\t<td class=\"column-1\">43<\/td><td class=\"column-2\">0000025200_gant terrytect<\/td><td class=\"column-3\">15073<\/td>\n<\/tr>\n<tr class=\"row-45\">\n\t<td class=\"column-1\">44<\/td><td class=\"column-2\">0000709049_spray laque anth sans prop.200ml<\/td><td class=\"column-3\">40785<\/td>\n<\/tr>\n<\/tbody>\n<\/table>\n<\/p>","protected":false},"author":1,"featured_media":0,"parent":0,"menu_order":0,"comment_status":"closed","ping_status":"closed","template":"","meta":{"_et_pb_use_builder":"on","_et_pb_old_content":"","_et_gb_content_width":"","footnotes":""},"class_list":["post-1269","page","type-page","status-publish","hentry"],"yoast_head":"<!-- This site is optimized with the Yoast SEO plugin v27.1.1 - https:\/\/yoast.com\/product\/yoast-seo-wordpress\/ -->\n<title>PIECES DETACHEES S34 - SCJ STOVE WORKS<\/title>\n<meta name=\"robots\" content=\"index, follow, max-snippet:-1, max-image-preview:large, max-video-preview:-1\" \/>\n<link rel=\"canonical\" href=\"https:\/\/www.scj-stoveworks.com\/nl\/pieces-detachees-s34\/\" \/>\n<meta property=\"og:locale\" content=\"nl_BE\" \/>\n<meta property=\"og:type\" content=\"article\" \/>\n<meta property=\"og:title\" content=\"PIECES DETACHEES S34 - SCJ STOVE WORKS\" \/>\n<meta property=\"og:description\" content=\"PI\u00c8CES D\u00c9TACH\u00c9ESSTANFORD 8 (S34)\" \/>\n<meta property=\"og:url\" content=\"https:\/\/www.scj-stoveworks.com\/nl\/pieces-detachees-s34\/\" \/>\n<meta property=\"og:site_name\" content=\"SCJ STOVE WORKS\" \/>\n<meta property=\"article:modified_time\" content=\"2023-01-31T10:13:42+00:00\" \/>\n<meta name=\"twitter:card\" content=\"summary_large_image\" \/>\n<script type=\"application\/ld+json\" class=\"yoast-schema-graph\">{\"@context\":\"https:\/\/schema.org\",\"@graph\":[{\"@type\":\"WebPage\",\"@id\":\"https:\/\/www.scj-stoveworks.com\/pieces-detachees-s34\/\",\"url\":\"https:\/\/www.scj-stoveworks.com\/pieces-detachees-s34\/\",\"name\":\"PIECES DETACHEES S34 - SCJ STOVE WORKS\",\"isPartOf\":{\"@id\":\"https:\/\/www.scj-stoveworks.com\/#website\"},\"datePublished\":\"2023-01-31T10:12:46+00:00\",\"dateModified\":\"2023-01-31T10:13:42+00:00\",\"breadcrumb\":{\"@id\":\"https:\/\/www.scj-stoveworks.com\/pieces-detachees-s34\/#breadcrumb\"},\"inLanguage\":\"nl-BE\",\"potentialAction\":[{\"@type\":\"ReadAction\",\"target\":[\"https:\/\/www.scj-stoveworks.com\/pieces-detachees-s34\/\"]}]},{\"@type\":\"BreadcrumbList\",\"@id\":\"https:\/\/www.scj-stoveworks.com\/pieces-detachees-s34\/#breadcrumb\",\"itemListElement\":[{\"@type\":\"ListItem\",\"position\":1,\"name\":\"Accueil\",\"item\":\"https:\/\/www.scj-stoveworks.com\/\"},{\"@type\":\"ListItem\",\"position\":2,\"name\":\"PIECES DETACHEES S34\"}]},{\"@type\":\"WebSite\",\"@id\":\"https:\/\/www.scj-stoveworks.com\/#website\",\"url\":\"https:\/\/www.scj-stoveworks.com\/\",\"name\":\"SCJ STOVE WORKS\",\"description\":\"fabricant d&#039;appareils de chauffage\",\"publisher\":{\"@id\":\"https:\/\/www.scj-stoveworks.com\/#organization\"},\"potentialAction\":[{\"@type\":\"SearchAction\",\"target\":{\"@type\":\"EntryPoint\",\"urlTemplate\":\"https:\/\/www.scj-stoveworks.com\/?s={search_term_string}\"},\"query-input\":{\"@type\":\"PropertyValueSpecification\",\"valueRequired\":true,\"valueName\":\"search_term_string\"}}],\"inLanguage\":\"nl-BE\"},{\"@type\":\"Organization\",\"@id\":\"https:\/\/www.scj-stoveworks.com\/#organization\",\"name\":\"SCJ Stove Works sprl\",\"url\":\"https:\/\/www.scj-stoveworks.com\/\",\"logo\":{\"@type\":\"ImageObject\",\"inLanguage\":\"nl-BE\",\"@id\":\"https:\/\/www.scj-stoveworks.com\/#\/schema\/logo\/image\/\",\"url\":\"https:\/\/www.scj-stoveworks.com\/wp-content\/uploads\/2019\/10\/scj-512x512.jpg\",\"contentUrl\":\"https:\/\/www.scj-stoveworks.com\/wp-content\/uploads\/2019\/10\/scj-512x512.jpg\",\"width\":512,\"height\":512,\"caption\":\"SCJ Stove Works sprl\"},\"image\":{\"@id\":\"https:\/\/www.scj-stoveworks.com\/#\/schema\/logo\/image\/\"}}]}<\/script>\n<!-- \/ Yoast SEO plugin. -->","yoast_head_json":{"title":"PIECES DETACHEES S34 - SCJ STOVE WORKS","robots":{"index":"index","follow":"follow","max-snippet":"max-snippet:-1","max-image-preview":"max-image-preview:large","max-video-preview":"max-video-preview:-1"},"canonical":"https:\/\/www.scj-stoveworks.com\/nl\/pieces-detachees-s34\/","og_locale":"nl_BE","og_type":"article","og_title":"PIECES DETACHEES S34 - SCJ STOVE WORKS","og_description":"PI\u00c8CES D\u00c9TACH\u00c9ESSTANFORD 8 (S34)","og_url":"https:\/\/www.scj-stoveworks.com\/nl\/pieces-detachees-s34\/","og_site_name":"SCJ STOVE WORKS","article_modified_time":"2023-01-31T10:13:42+00:00","twitter_card":"summary_large_image","schema":{"@context":"https:\/\/schema.org","@graph":[{"@type":"WebPage","@id":"https:\/\/www.scj-stoveworks.com\/pieces-detachees-s34\/","url":"https:\/\/www.scj-stoveworks.com\/pieces-detachees-s34\/","name":"PIECES DETACHEES S34 - SCJ STOVE WORKS","isPartOf":{"@id":"https:\/\/www.scj-stoveworks.com\/#website"},"datePublished":"2023-01-31T10:12:46+00:00","dateModified":"2023-01-31T10:13:42+00:00","breadcrumb":{"@id":"https:\/\/www.scj-stoveworks.com\/pieces-detachees-s34\/#breadcrumb"},"inLanguage":"nl-BE","potentialAction":[{"@type":"ReadAction","target":["https:\/\/www.scj-stoveworks.com\/pieces-detachees-s34\/"]}]},{"@type":"BreadcrumbList","@id":"https:\/\/www.scj-stoveworks.com\/pieces-detachees-s34\/#breadcrumb","itemListElement":[{"@type":"ListItem","position":1,"name":"Accueil","item":"https:\/\/www.scj-stoveworks.com\/"},{"@type":"ListItem","position":2,"name":"PIECES DETACHEES S34"}]},{"@type":"WebSite","@id":"https:\/\/www.scj-stoveworks.com\/#website","url":"https:\/\/www.scj-stoveworks.com\/","name":"SCJ STOVE WORKS","description":"fabricant d&#039;appareils de chauffage","publisher":{"@id":"https:\/\/www.scj-stoveworks.com\/#organization"},"potentialAction":[{"@type":"SearchAction","target":{"@type":"EntryPoint","urlTemplate":"https:\/\/www.scj-stoveworks.com\/?s={search_term_string}"},"query-input":{"@type":"PropertyValueSpecification","valueRequired":true,"valueName":"search_term_string"}}],"inLanguage":"nl-BE"},{"@type":"Organization","@id":"https:\/\/www.scj-stoveworks.com\/#organization","name":"SCJ Stove Works sprl","url":"https:\/\/www.scj-stoveworks.com\/","logo":{"@type":"ImageObject","inLanguage":"nl-BE","@id":"https:\/\/www.scj-stoveworks.com\/#\/schema\/logo\/image\/","url":"https:\/\/www.scj-stoveworks.com\/wp-content\/uploads\/2019\/10\/scj-512x512.jpg","contentUrl":"https:\/\/www.scj-stoveworks.com\/wp-content\/uploads\/2019\/10\/scj-512x512.jpg","width":512,"height":512,"caption":"SCJ Stove Works sprl"},"image":{"@id":"https:\/\/www.scj-stoveworks.com\/#\/schema\/logo\/image\/"}}]}},"_links":{"self":[{"href":"https:\/\/www.scj-stoveworks.com\/nl\/wp-json\/wp\/v2\/pages\/1269","targetHints":{"allow":["GET"]}}],"collection":[{"href":"https:\/\/www.scj-stoveworks.com\/nl\/wp-json\/wp\/v2\/pages"}],"about":[{"href":"https:\/\/www.scj-stoveworks.com\/nl\/wp-json\/wp\/v2\/types\/page"}],"author":[{"embeddable":true,"href":"https:\/\/www.scj-stoveworks.com\/nl\/wp-json\/wp\/v2\/users\/1"}],"replies":[{"embeddable":true,"href":"https:\/\/www.scj-stoveworks.com\/nl\/wp-json\/wp\/v2\/comments?post=1269"}],"version-history":[{"count":3,"href":"https:\/\/www.scj-stoveworks.com\/nl\/wp-json\/wp\/v2\/pages\/1269\/revisions"}],"predecessor-version":[{"id":1272,"href":"https:\/\/www.scj-stoveworks.com\/nl\/wp-json\/wp\/v2\/pages\/1269\/revisions\/1272"}],"wp:attachment":[{"href":"https:\/\/www.scj-stoveworks.com\/nl\/wp-json\/wp\/v2\/media?parent=1269"}],"curies":[{"name":"wp","href":"https:\/\/api.w.org\/{rel}","templated":true}]}}