{"id":1296,"date":"2023-01-31T15:47:22","date_gmt":"2023-01-31T14:47:22","guid":{"rendered":"https:\/\/www.scj-stoveworks.com\/?page_id=1296"},"modified":"2023-01-31T16:01:11","modified_gmt":"2023-01-31T15:01:11","slug":"pieces-detachees-c33-c43","status":"publish","type":"page","link":"https:\/\/www.scj-stoveworks.com\/nl\/pieces-detachees-c33-c43\/","title":{"rendered":"PIECES DETACHEES C33 &#8211; C43"},"content":{"rendered":"<p>[et_pb_section fb_built=\u00a0\u00bb1&Prime; _builder_version=\u00a0\u00bb4.16&Prime; background_color=\u00a0\u00bbrgba(0,0,0,0)\u00a0\u00bb custom_padding=\u00a0\u00bb115px|0|39.6719px|0px|false|false\u00a0\u00bb global_colors_info=\u00a0\u00bb{}\u00a0\u00bb][et_pb_row make_equal=\u00a0\u00bbon\u00a0\u00bb _builder_version=\u00a0\u00bb4.16&Prime; border_color_top=\u00a0\u00bb#ffffff\u00a0\u00bb border_color_bottom=\u00a0\u00bb#ffffff\u00a0\u00bb global_colors_info=\u00a0\u00bb{}\u00a0\u00bb][et_pb_column type=\u00a0\u00bb4_4&Prime; _builder_version=\u00a0\u00bb4.16&Prime; custom_padding=\u00a0\u00bb|||\u00a0\u00bb global_colors_info=\u00a0\u00bb{}\u00a0\u00bb custom_padding__hover=\u00a0\u00bb|||\u00a0\u00bb][et_pb_text _builder_version=\u00a0\u00bb4.16&Prime; text_font=\u00a0\u00bb||||||||\u00a0\u00bb text_text_color=\u00a0\u00bb#ffffff\u00a0\u00bb text_font_size=\u00a0\u00bb27px\u00a0\u00bb global_colors_info=\u00a0\u00bb{}\u00a0\u00bb]<\/p>\n<p>PI\u00c8CES D\u00c9TACH\u00c9ES<\/p>\n<p>[\/et_pb_text][\/et_pb_column][\/et_pb_row][et_pb_row make_equal=\u00a0\u00bbon\u00a0\u00bb _builder_version=\u00a0\u00bb4.16&Prime; border_width_top=\u00a0\u00bb1px\u00a0\u00bb border_color_top=\u00a0\u00bb#ffffff\u00a0\u00bb border_width_bottom=\u00a0\u00bb1px\u00a0\u00bb border_color_bottom=\u00a0\u00bb#ffffff\u00a0\u00bb global_colors_info=\u00a0\u00bb{}\u00a0\u00bb][et_pb_column type=\u00a0\u00bb4_4&Prime; _builder_version=\u00a0\u00bb4.16&Prime; custom_padding=\u00a0\u00bb|||\u00a0\u00bb global_colors_info=\u00a0\u00bb{}\u00a0\u00bb custom_padding__hover=\u00a0\u00bb|||\u00a0\u00bb][et_pb_text _builder_version=\u00a0\u00bb4.19.4&Prime; text_font=\u00a0\u00bb|700|||||||\u00a0\u00bb text_text_color=\u00a0\u00bb#ffffff\u00a0\u00bb text_font_size=\u00a0\u00bb20px\u00a0\u00bb header_font=\u00a0\u00bb||||||||\u00a0\u00bb background_layout=\u00a0\u00bbdark\u00a0\u00bb custom_margin=\u00a0\u00bb||\u00a0\u00bb custom_padding=\u00a0\u00bb||\u00a0\u00bb global_colors_info=\u00a0\u00bb{}\u00a0\u00bb]<\/p>\n<p>C33 \/ C43<\/p>\n<p>[\/et_pb_text][\/et_pb_column][\/et_pb_row][et_pb_row _builder_version=\u00a0\u00bb4.17.3&Prime; _module_preset=\u00a0\u00bbdefault\u00a0\u00bb global_colors_info=\u00a0\u00bb{}\u00a0\u00bb][et_pb_column type=\u00a0\u00bb4_4&Prime; _builder_version=\u00a0\u00bb4.17.3&Prime; _module_preset=\u00a0\u00bbdefault\u00a0\u00bb global_colors_info=\u00a0\u00bb{}\u00a0\u00bb][et_pb_gallery gallery_ids=\u00a0\u00bb1287,1288,1289,1290&Prime; fullwidth=\u00a0\u00bbon\u00a0\u00bb _builder_version=\u00a0\u00bb4.19.4&Prime; _module_preset=\u00a0\u00bbdefault\u00a0\u00bb global_colors_info=\u00a0\u00bb{}\u00a0\u00bb][\/et_pb_gallery][\/et_pb_column][\/et_pb_row][et_pb_row _builder_version=\u00a0\u00bb4.16&Prime; _module_preset=\u00a0\u00bbdefault\u00a0\u00bb global_colors_info=\u00a0\u00bb{}\u00a0\u00bb][et_pb_column type=\u00a0\u00bb4_4&Prime; _builder_version=\u00a0\u00bb4.16&Prime; _module_preset=\u00a0\u00bbdefault\u00a0\u00bb global_colors_info=\u00a0\u00bb{}\u00a0\u00bb][et_pb_text _builder_version=\u00a0\u00bb4.19.4&Prime; _module_preset=\u00a0\u00bbdefault\u00a0\u00bb global_colors_info=\u00a0\u00bb{}\u00a0\u00bb]<\/p>\n\n<table id=\"tablepress-26\" class=\"tablepress tablepress-id-26\">\n<thead>\n<tr class=\"row-1\">\n\t<th class=\"column-1\">N\u00b0<\/th><th class=\"column-2\">C33 \/ 39333453<\/th><th class=\"column-3\">C43 \/ 39343453<\/th>\n<\/tr>\n<\/thead>\n<tbody class=\"row-striping row-hover\">\n<tr class=\"row-2\">\n\t<td class=\"column-1\">A1 <\/td><td class=\"column-2\">993900180<\/td><td class=\"column-3\">993900183<\/td>\n<\/tr>\n<tr class=\"row-3\">\n\t<td class=\"column-1\">A2<\/td><td class=\"column-2\">993049380<\/td><td class=\"column-3\">993049604<\/td>\n<\/tr>\n<tr class=\"row-4\">\n\t<td class=\"column-1\">A3 **<\/td><td class=\"column-2\"> 99J05700DA315<\/td><td class=\"column-3\">99J05700DA315<\/td>\n<\/tr>\n<tr class=\"row-5\">\n\t<td class=\"column-1\">A4<\/td><td class=\"column-2\">993049399<\/td><td class=\"column-3\">993049529<\/td>\n<\/tr>\n<tr class=\"row-6\">\n\t<td class=\"column-1\"> A5 **  <\/td><td class=\"column-2\">99J14<\/td><td class=\"column-3\">99J14<\/td>\n<\/tr>\n<tr class=\"row-7\">\n\t<td class=\"column-1\">A9<\/td><td class=\"column-2\">993900181<\/td><td class=\"column-3\">993900184<\/td>\n<\/tr>\n<tr class=\"row-8\">\n\t<td class=\"column-1\">A10  <\/td><td class=\"column-2\">993061418<\/td><td class=\"column-3\">993061418<\/td>\n<\/tr>\n<tr class=\"row-9\">\n\t<td class=\"column-1\">A17<\/td><td class=\"column-2\">993049377<\/td><td class=\"column-3\">993049613<\/td>\n<\/tr>\n<tr class=\"row-10\">\n\t<td class=\"column-1\"> A22  <\/td><td class=\"column-2\">993900182<\/td><td class=\"column-3\">993900182<\/td>\n<\/tr>\n<tr class=\"row-11\">\n\t<td class=\"column-1\">A23<\/td><td class=\"column-2\">993048822<\/td><td class=\"column-3\">993048822<\/td>\n<\/tr>\n<tr class=\"row-12\">\n\t<td class=\"column-1\">A26  <\/td><td class=\"column-2\">993049484<\/td><td class=\"column-3\">993049484<\/td>\n<\/tr>\n<tr class=\"row-13\">\n\t<td class=\"column-1\">A29<\/td><td class=\"column-2\">993049392<\/td><td class=\"column-3\">993049601<\/td>\n<\/tr>\n<tr class=\"row-14\">\n\t<td class=\"column-1\">B2 <\/td><td class=\"column-2\">993049383<\/td><td class=\"column-3\">993049610<\/td>\n<\/tr>\n<tr class=\"row-15\">\n\t<td class=\"column-1\">B3<\/td><td class=\"column-2\">993049018<\/td><td class=\"column-3\">993049018<\/td>\n<\/tr>\n<tr class=\"row-16\">\n\t<td class=\"column-1\">B4 <\/td><td class=\"column-2\">993049195<\/td><td class=\"column-3\">993042935<\/td>\n<\/tr>\n<tr class=\"row-17\">\n\t<td class=\"column-1\">B5<\/td><td class=\"column-2\">993049824<\/td><td class=\"column-3\">993049598<\/td>\n<\/tr>\n<tr class=\"row-18\">\n\t<td class=\"column-1\">B6  <\/td><td class=\"column-2\">993038256<\/td><td class=\"column-3\">993038262<\/td>\n<\/tr>\n<tr class=\"row-19\">\n\t<td class=\"column-1\">B7<\/td><td class=\"column-2\">993044556<\/td><td class=\"column-3\">993042937<\/td>\n<\/tr>\n<tr class=\"row-20\">\n\t<td class=\"column-1\">B10  <\/td><td class=\"column-2\">993043530<\/td><td class=\"column-3\">993042929<\/td>\n<\/tr>\n<tr class=\"row-21\">\n\t<td class=\"column-1\">B11<\/td><td class=\"column-2\">993043528<\/td><td class=\"column-3\">993042931<\/td>\n<\/tr>\n<tr class=\"row-22\">\n\t<td class=\"column-1\">B12 <\/td><td class=\"column-2\">993043526<\/td><td class=\"column-3\">993043938<\/td>\n<\/tr>\n<tr class=\"row-23\">\n\t<td class=\"column-1\">B14<\/td><td class=\"column-2\">993043665<\/td><td class=\"column-3\">-<\/td>\n<\/tr>\n<tr class=\"row-24\">\n\t<td class=\"column-1\">B15 <\/td><td class=\"column-2\">993043491<\/td><td class=\"column-3\">-<\/td>\n<\/tr>\n<tr class=\"row-25\">\n\t<td class=\"column-1\">B16<\/td><td class=\"column-2\">993043519<\/td><td class=\"column-3\">993042279<\/td>\n<\/tr>\n<tr class=\"row-26\">\n\t<td class=\"column-1\">B17 <\/td><td class=\"column-2\">-<\/td><td class=\"column-3\">993900144<\/td>\n<\/tr>\n<tr class=\"row-27\">\n\t<td class=\"column-1\">B18<\/td><td class=\"column-2\">993047996<\/td><td class=\"column-3\">993048453<\/td>\n<\/tr>\n<tr class=\"row-28\">\n\t<td class=\"column-1\">B20 <\/td><td class=\"column-2\">993064660<\/td><td class=\"column-3\">993064660<\/td>\n<\/tr>\n<tr class=\"row-29\">\n\t<td class=\"column-1\">B27<\/td><td class=\"column-2\">993900185<\/td><td class=\"column-3\">993900185<\/td>\n<\/tr>\n<tr class=\"row-30\">\n\t<td class=\"column-1\">B28 <\/td><td class=\"column-2\">993061442<\/td><td class=\"column-3\">993061442<\/td>\n<\/tr>\n<tr class=\"row-31\">\n\t<td class=\"column-1\">B30<\/td><td class=\"column-2\">993049433<\/td><td class=\"column-3\">993049593<\/td>\n<\/tr>\n<tr class=\"row-32\">\n\t<td class=\"column-1\">B31  <\/td><td class=\"column-2\">993048004<\/td><td class=\"column-3\">993048004<\/td>\n<\/tr>\n<tr class=\"row-33\">\n\t<td class=\"column-1\">B33<\/td><td class=\"column-2\">-<\/td><td class=\"column-3\">993049596<\/td>\n<\/tr>\n<tr class=\"row-34\">\n\t<td class=\"column-1\">B36 <\/td><td class=\"column-2\">993900186<\/td><td class=\"column-3\">993900186<\/td>\n<\/tr>\n<tr class=\"row-35\">\n\t<td class=\"column-1\">B38 *<\/td><td class=\"column-2\">993044512<\/td><td class=\"column-3\">993044512<\/td>\n<\/tr>\n<tr class=\"row-36\">\n\t<td class=\"column-1\">B38 **  <\/td><td class=\"column-2\">99J05700DA315<\/td><td class=\"column-3\">99J05700DA315<\/td>\n<\/tr>\n<tr class=\"row-37\">\n\t<td class=\"column-1\">B40<\/td><td class=\"column-2\">993049284<\/td><td class=\"column-3\">993049284<\/td>\n<\/tr>\n<tr class=\"row-38\">\n\t<td class=\"column-1\">B46  <\/td><td class=\"column-2\">993047685<\/td><td class=\"column-3\">993047685<\/td>\n<\/tr>\n<tr class=\"row-39\">\n\t<td class=\"column-1\">B55<\/td><td class=\"column-2\">993900187<\/td><td class=\"column-3\">993900188<\/td>\n<\/tr>\n<tr class=\"row-40\">\n\t<td class=\"column-1\">B59  <\/td><td class=\"column-2\">993047869<\/td><td class=\"column-3\">993048433<\/td>\n<\/tr>\n<tr class=\"row-41\">\n\t<td class=\"column-1\">B60<\/td><td class=\"column-2\">993065596<\/td><td class=\"column-3\">993065596<\/td>\n<\/tr>\n<tr class=\"row-42\">\n\t<td class=\"column-1\">C3  <\/td><td class=\"column-2\">993061708<\/td><td class=\"column-3\">993061669<\/td>\n<\/tr>\n<tr class=\"row-43\">\n\t<td class=\"column-1\">C5<\/td><td class=\"column-2\">993049434<\/td><td class=\"column-3\">993049595<\/td>\n<\/tr>\n<tr class=\"row-44\">\n\t<td class=\"column-1\">C20  <\/td><td class=\"column-2\">993046602<\/td><td class=\"column-3\">993047483<\/td>\n<\/tr>\n<tr class=\"row-45\">\n\t<td class=\"column-1\">C22<\/td><td class=\"column-2\">993011838<\/td><td class=\"column-3\">993043961<\/td>\n<\/tr>\n<tr class=\"row-46\">\n\t<td class=\"column-1\">D1  <\/td><td class=\"column-2\">993048551<\/td><td class=\"column-3\">993061553<\/td>\n<\/tr>\n<tr class=\"row-47\">\n\t<td class=\"column-1\">D4<\/td><td class=\"column-2\">993011838<\/td><td class=\"column-3\">993043961<\/td>\n<\/tr>\n<tr class=\"row-48\">\n\t<td class=\"column-1\">D5  <\/td><td class=\"column-2\">993061388<\/td><td class=\"column-3\">993061676<\/td>\n<\/tr>\n<tr class=\"row-49\">\n\t<td class=\"column-1\">D9<\/td><td class=\"column-2\">993061375<\/td><td class=\"column-3\">993061672<\/td>\n<\/tr>\n<tr class=\"row-50\">\n\t<td class=\"column-1\">D14   <\/td><td class=\"column-2\">993044891<\/td><td class=\"column-3\">-<\/td>\n<\/tr>\n<tr class=\"row-51\">\n\t<td class=\"column-1\">E28<\/td><td class=\"column-2\">993047631<\/td><td class=\"column-3\">993047631<\/td>\n<\/tr>\n<tr class=\"row-52\">\n\t<td class=\"column-1\">E29 <\/td><td class=\"column-2\">993900024<\/td><td class=\"column-3\">993900024<\/td>\n<\/tr>\n<tr class=\"row-53\">\n\t<td class=\"column-1\">E30<\/td><td class=\"column-2\">993038548<\/td><td class=\"column-3\">993038548<\/td>\n<\/tr>\n<tr class=\"row-54\">\n\t<td class=\"column-1\">E31  <\/td><td class=\"column-2\">993020017<\/td><td class=\"column-3\">993020017<\/td>\n<\/tr>\n<tr class=\"row-55\">\n\t<td class=\"column-1\">E32<\/td><td class=\"column-2\">993040785<\/td><td class=\"column-3\">993040785<\/td>\n<\/tr>\n<\/tbody>\n<\/table>\n<!-- #tablepress-26 from cache -->\n<p>[\/et_pb_text][et_pb_text _builder_version=\u00a0\u00bb4.19.4&Prime; _module_preset=\u00a0\u00bbdefault\u00a0\u00bb hover_enabled=\u00a0\u00bb0&Prime; sticky_enabled=\u00a0\u00bb0&Prime; background_layout=\u00a0\u00bbdark\u00a0\u00bb]<\/p>\n<p>REMARQUE :<br \/>** Rechange: Joint de 5 m\u00e8tres.<br \/>* Rechange: Joint de 1 m\u00e8tre.<\/p>\n<p>[\/et_pb_text][\/et_pb_column][\/et_pb_row][\/et_pb_section]<\/p>\n","protected":false},"excerpt":{"rendered":"<p>PI\u00c8CES D\u00c9TACH\u00c9ESC33 \/ C43\n<table id=\"tablepress-26-no-2\" class=\"tablepress tablepress-id-26\">\n<thead>\n<tr class=\"row-1\">\n\t<th class=\"column-1\">N\u00b0<\/th><th class=\"column-2\">C33 \/ 39333453<\/th><th class=\"column-3\">C43 \/ 39343453<\/th>\n<\/tr>\n<\/thead>\n<tbody class=\"row-striping row-hover\">\n<tr class=\"row-2\">\n\t<td class=\"column-1\">A1 <\/td><td class=\"column-2\">993900180<\/td><td class=\"column-3\">993900183<\/td>\n<\/tr>\n<tr class=\"row-3\">\n\t<td class=\"column-1\">A2<\/td><td class=\"column-2\">993049380<\/td><td class=\"column-3\">993049604<\/td>\n<\/tr>\n<tr class=\"row-4\">\n\t<td class=\"column-1\">A3 **<\/td><td class=\"column-2\"> 99J05700DA315<\/td><td class=\"column-3\">99J05700DA315<\/td>\n<\/tr>\n<tr class=\"row-5\">\n\t<td class=\"column-1\">A4<\/td><td class=\"column-2\">993049399<\/td><td class=\"column-3\">993049529<\/td>\n<\/tr>\n<tr class=\"row-6\">\n\t<td class=\"column-1\"> A5 **  <\/td><td class=\"column-2\">99J14<\/td><td class=\"column-3\">99J14<\/td>\n<\/tr>\n<tr class=\"row-7\">\n\t<td class=\"column-1\">A9<\/td><td class=\"column-2\">993900181<\/td><td class=\"column-3\">993900184<\/td>\n<\/tr>\n<tr class=\"row-8\">\n\t<td class=\"column-1\">A10  <\/td><td class=\"column-2\">993061418<\/td><td class=\"column-3\">993061418<\/td>\n<\/tr>\n<tr class=\"row-9\">\n\t<td class=\"column-1\">A17<\/td><td class=\"column-2\">993049377<\/td><td class=\"column-3\">993049613<\/td>\n<\/tr>\n<tr class=\"row-10\">\n\t<td class=\"column-1\"> A22  <\/td><td class=\"column-2\">993900182<\/td><td class=\"column-3\">993900182<\/td>\n<\/tr>\n<tr class=\"row-11\">\n\t<td class=\"column-1\">A23<\/td><td class=\"column-2\">993048822<\/td><td class=\"column-3\">993048822<\/td>\n<\/tr>\n<tr class=\"row-12\">\n\t<td class=\"column-1\">A26  <\/td><td class=\"column-2\">993049484<\/td><td class=\"column-3\">993049484<\/td>\n<\/tr>\n<tr class=\"row-13\">\n\t<td class=\"column-1\">A29<\/td><td class=\"column-2\">993049392<\/td><td class=\"column-3\">993049601<\/td>\n<\/tr>\n<tr class=\"row-14\">\n\t<td class=\"column-1\">B2 <\/td><td class=\"column-2\">993049383<\/td><td class=\"column-3\">993049610<\/td>\n<\/tr>\n<tr class=\"row-15\">\n\t<td class=\"column-1\">B3<\/td><td class=\"column-2\">993049018<\/td><td class=\"column-3\">993049018<\/td>\n<\/tr>\n<tr class=\"row-16\">\n\t<td class=\"column-1\">B4 <\/td><td class=\"column-2\">993049195<\/td><td class=\"column-3\">993042935<\/td>\n<\/tr>\n<tr class=\"row-17\">\n\t<td class=\"column-1\">B5<\/td><td class=\"column-2\">993049824<\/td><td class=\"column-3\">993049598<\/td>\n<\/tr>\n<tr class=\"row-18\">\n\t<td class=\"column-1\">B6  <\/td><td class=\"column-2\">993038256<\/td><td class=\"column-3\">993038262<\/td>\n<\/tr>\n<tr class=\"row-19\">\n\t<td class=\"column-1\">B7<\/td><td class=\"column-2\">993044556<\/td><td class=\"column-3\">993042937<\/td>\n<\/tr>\n<tr class=\"row-20\">\n\t<td class=\"column-1\">B10  <\/td><td class=\"column-2\">993043530<\/td><td class=\"column-3\">993042929<\/td>\n<\/tr>\n<tr class=\"row-21\">\n\t<td class=\"column-1\">B11<\/td><td class=\"column-2\">993043528<\/td><td class=\"column-3\">993042931<\/td>\n<\/tr>\n<tr class=\"row-22\">\n\t<td class=\"column-1\">B12 <\/td><td class=\"column-2\">993043526<\/td><td class=\"column-3\">993043938<\/td>\n<\/tr>\n<tr class=\"row-23\">\n\t<td class=\"column-1\">B14<\/td><td class=\"column-2\">993043665<\/td><td class=\"column-3\">-<\/td>\n<\/tr>\n<tr class=\"row-24\">\n\t<td class=\"column-1\">B15 <\/td><td class=\"column-2\">993043491<\/td><td class=\"column-3\">-<\/td>\n<\/tr>\n<tr class=\"row-25\">\n\t<td class=\"column-1\">B16<\/td><td class=\"column-2\">993043519<\/td><td class=\"column-3\">993042279<\/td>\n<\/tr>\n<tr class=\"row-26\">\n\t<td class=\"column-1\">B17 <\/td><td class=\"column-2\">-<\/td><td class=\"column-3\">993900144<\/td>\n<\/tr>\n<tr class=\"row-27\">\n\t<td class=\"column-1\">B18<\/td><td class=\"column-2\">993047996<\/td><td class=\"column-3\">993048453<\/td>\n<\/tr>\n<tr class=\"row-28\">\n\t<td class=\"column-1\">B20 <\/td><td class=\"column-2\">993064660<\/td><td class=\"column-3\">993064660<\/td>\n<\/tr>\n<tr class=\"row-29\">\n\t<td class=\"column-1\">B27<\/td><td class=\"column-2\">993900185<\/td><td class=\"column-3\">993900185<\/td>\n<\/tr>\n<tr class=\"row-30\">\n\t<td class=\"column-1\">B28 <\/td><td class=\"column-2\">993061442<\/td><td class=\"column-3\">993061442<\/td>\n<\/tr>\n<tr class=\"row-31\">\n\t<td class=\"column-1\">B30<\/td><td class=\"column-2\">993049433<\/td><td class=\"column-3\">993049593<\/td>\n<\/tr>\n<tr class=\"row-32\">\n\t<td class=\"column-1\">B31  <\/td><td class=\"column-2\">993048004<\/td><td class=\"column-3\">993048004<\/td>\n<\/tr>\n<tr class=\"row-33\">\n\t<td class=\"column-1\">B33<\/td><td class=\"column-2\">-<\/td><td class=\"column-3\">993049596<\/td>\n<\/tr>\n<tr class=\"row-34\">\n\t<td class=\"column-1\">B36 <\/td><td class=\"column-2\">993900186<\/td><td class=\"column-3\">993900186<\/td>\n<\/tr>\n<tr class=\"row-35\">\n\t<td class=\"column-1\">B38 *<\/td><td class=\"column-2\">993044512<\/td><td class=\"column-3\">993044512<\/td>\n<\/tr>\n<tr class=\"row-36\">\n\t<td class=\"column-1\">B38 **  <\/td><td class=\"column-2\">99J05700DA315<\/td><td class=\"column-3\">99J05700DA315<\/td>\n<\/tr>\n<tr class=\"row-37\">\n\t<td class=\"column-1\">B40<\/td><td class=\"column-2\">993049284<\/td><td class=\"column-3\">993049284<\/td>\n<\/tr>\n<tr class=\"row-38\">\n\t<td class=\"column-1\">B46  <\/td><td class=\"column-2\">993047685<\/td><td class=\"column-3\">993047685<\/td>\n<\/tr>\n<tr class=\"row-39\">\n\t<td class=\"column-1\">B55<\/td><td class=\"column-2\">993900187<\/td><td class=\"column-3\">993900188<\/td>\n<\/tr>\n<tr class=\"row-40\">\n\t<td class=\"column-1\">B59  <\/td><td class=\"column-2\">993047869<\/td><td class=\"column-3\">993048433<\/td>\n<\/tr>\n<tr class=\"row-41\">\n\t<td class=\"column-1\">B60<\/td><td class=\"column-2\">993065596<\/td><td class=\"column-3\">993065596<\/td>\n<\/tr>\n<tr class=\"row-42\">\n\t<td class=\"column-1\">C3  <\/td><td class=\"column-2\">993061708<\/td><td class=\"column-3\">993061669<\/td>\n<\/tr>\n<tr class=\"row-43\">\n\t<td class=\"column-1\">C5<\/td><td class=\"column-2\">993049434<\/td><td class=\"column-3\">993049595<\/td>\n<\/tr>\n<tr class=\"row-44\">\n\t<td class=\"column-1\">C20  <\/td><td class=\"column-2\">993046602<\/td><td class=\"column-3\">993047483<\/td>\n<\/tr>\n<tr class=\"row-45\">\n\t<td class=\"column-1\">C22<\/td><td class=\"column-2\">993011838<\/td><td class=\"column-3\">993043961<\/td>\n<\/tr>\n<tr class=\"row-46\">\n\t<td class=\"column-1\">D1  <\/td><td class=\"column-2\">993048551<\/td><td class=\"column-3\">993061553<\/td>\n<\/tr>\n<tr class=\"row-47\">\n\t<td class=\"column-1\">D4<\/td><td class=\"column-2\">993011838<\/td><td class=\"column-3\">993043961<\/td>\n<\/tr>\n<tr class=\"row-48\">\n\t<td class=\"column-1\">D5  <\/td><td class=\"column-2\">993061388<\/td><td class=\"column-3\">993061676<\/td>\n<\/tr>\n<tr class=\"row-49\">\n\t<td class=\"column-1\">D9<\/td><td class=\"column-2\">993061375<\/td><td class=\"column-3\">993061672<\/td>\n<\/tr>\n<tr class=\"row-50\">\n\t<td class=\"column-1\">D14   <\/td><td class=\"column-2\">993044891<\/td><td class=\"column-3\">-<\/td>\n<\/tr>\n<tr class=\"row-51\">\n\t<td class=\"column-1\">E28<\/td><td class=\"column-2\">993047631<\/td><td class=\"column-3\">993047631<\/td>\n<\/tr>\n<tr class=\"row-52\">\n\t<td class=\"column-1\">E29 <\/td><td class=\"column-2\">993900024<\/td><td class=\"column-3\">993900024<\/td>\n<\/tr>\n<tr class=\"row-53\">\n\t<td class=\"column-1\">E30<\/td><td class=\"column-2\">993038548<\/td><td class=\"column-3\">993038548<\/td>\n<\/tr>\n<tr class=\"row-54\">\n\t<td class=\"column-1\">E31  <\/td><td class=\"column-2\">993020017<\/td><td class=\"column-3\">993020017<\/td>\n<\/tr>\n<tr class=\"row-55\">\n\t<td class=\"column-1\">E32<\/td><td class=\"column-2\">993040785<\/td><td class=\"column-3\">993040785<\/td>\n<\/tr>\n<\/tbody>\n<\/table>\nREMARQUE :** Rechange: Joint de 5 m\u00e8tres.* Rechange: Joint de 1 m\u00e8tre.<\/p>","protected":false},"author":1,"featured_media":0,"parent":0,"menu_order":0,"comment_status":"closed","ping_status":"closed","template":"","meta":{"_et_pb_use_builder":"on","_et_pb_old_content":"","_et_gb_content_width":"","footnotes":""},"class_list":["post-1296","page","type-page","status-publish","hentry"],"yoast_head":"<!-- This site is optimized with the Yoast SEO plugin v27.1.1 - https:\/\/yoast.com\/product\/yoast-seo-wordpress\/ -->\n<title>PIECES DETACHEES C33 - C43 - SCJ STOVE WORKS<\/title>\n<meta name=\"robots\" content=\"index, follow, max-snippet:-1, max-image-preview:large, max-video-preview:-1\" \/>\n<link rel=\"canonical\" href=\"https:\/\/www.scj-stoveworks.com\/nl\/pieces-detachees-c33-c43\/\" \/>\n<meta property=\"og:locale\" content=\"nl_BE\" \/>\n<meta property=\"og:type\" content=\"article\" \/>\n<meta property=\"og:title\" content=\"PIECES DETACHEES C33 - C43 - SCJ STOVE WORKS\" \/>\n<meta property=\"og:description\" content=\"PI\u00c8CES D\u00c9TACH\u00c9ESC33 \/ C43REMARQUE :** Rechange: Joint de 5 m\u00e8tres.* Rechange: Joint de 1 m\u00e8tre.\" \/>\n<meta property=\"og:url\" content=\"https:\/\/www.scj-stoveworks.com\/nl\/pieces-detachees-c33-c43\/\" \/>\n<meta property=\"og:site_name\" content=\"SCJ STOVE WORKS\" \/>\n<meta property=\"article:modified_time\" content=\"2023-01-31T15:01:11+00:00\" \/>\n<meta name=\"twitter:card\" content=\"summary_large_image\" \/>\n<script type=\"application\/ld+json\" class=\"yoast-schema-graph\">{\"@context\":\"https:\/\/schema.org\",\"@graph\":[{\"@type\":\"WebPage\",\"@id\":\"https:\/\/www.scj-stoveworks.com\/pieces-detachees-c33-c43\/\",\"url\":\"https:\/\/www.scj-stoveworks.com\/pieces-detachees-c33-c43\/\",\"name\":\"PIECES DETACHEES C33 - C43 - SCJ STOVE WORKS\",\"isPartOf\":{\"@id\":\"https:\/\/www.scj-stoveworks.com\/#website\"},\"datePublished\":\"2023-01-31T14:47:22+00:00\",\"dateModified\":\"2023-01-31T15:01:11+00:00\",\"breadcrumb\":{\"@id\":\"https:\/\/www.scj-stoveworks.com\/pieces-detachees-c33-c43\/#breadcrumb\"},\"inLanguage\":\"nl-BE\",\"potentialAction\":[{\"@type\":\"ReadAction\",\"target\":[\"https:\/\/www.scj-stoveworks.com\/pieces-detachees-c33-c43\/\"]}]},{\"@type\":\"BreadcrumbList\",\"@id\":\"https:\/\/www.scj-stoveworks.com\/pieces-detachees-c33-c43\/#breadcrumb\",\"itemListElement\":[{\"@type\":\"ListItem\",\"position\":1,\"name\":\"Accueil\",\"item\":\"https:\/\/www.scj-stoveworks.com\/\"},{\"@type\":\"ListItem\",\"position\":2,\"name\":\"PIECES DETACHEES C33 &#8211; C43\"}]},{\"@type\":\"WebSite\",\"@id\":\"https:\/\/www.scj-stoveworks.com\/#website\",\"url\":\"https:\/\/www.scj-stoveworks.com\/\",\"name\":\"SCJ STOVE WORKS\",\"description\":\"fabricant d&#039;appareils de chauffage\",\"publisher\":{\"@id\":\"https:\/\/www.scj-stoveworks.com\/#organization\"},\"potentialAction\":[{\"@type\":\"SearchAction\",\"target\":{\"@type\":\"EntryPoint\",\"urlTemplate\":\"https:\/\/www.scj-stoveworks.com\/?s={search_term_string}\"},\"query-input\":{\"@type\":\"PropertyValueSpecification\",\"valueRequired\":true,\"valueName\":\"search_term_string\"}}],\"inLanguage\":\"nl-BE\"},{\"@type\":\"Organization\",\"@id\":\"https:\/\/www.scj-stoveworks.com\/#organization\",\"name\":\"SCJ Stove Works sprl\",\"url\":\"https:\/\/www.scj-stoveworks.com\/\",\"logo\":{\"@type\":\"ImageObject\",\"inLanguage\":\"nl-BE\",\"@id\":\"https:\/\/www.scj-stoveworks.com\/#\/schema\/logo\/image\/\",\"url\":\"https:\/\/www.scj-stoveworks.com\/wp-content\/uploads\/2019\/10\/scj-512x512.jpg\",\"contentUrl\":\"https:\/\/www.scj-stoveworks.com\/wp-content\/uploads\/2019\/10\/scj-512x512.jpg\",\"width\":512,\"height\":512,\"caption\":\"SCJ Stove Works sprl\"},\"image\":{\"@id\":\"https:\/\/www.scj-stoveworks.com\/#\/schema\/logo\/image\/\"}}]}<\/script>\n<!-- \/ Yoast SEO plugin. -->","yoast_head_json":{"title":"PIECES DETACHEES C33 - C43 - SCJ STOVE WORKS","robots":{"index":"index","follow":"follow","max-snippet":"max-snippet:-1","max-image-preview":"max-image-preview:large","max-video-preview":"max-video-preview:-1"},"canonical":"https:\/\/www.scj-stoveworks.com\/nl\/pieces-detachees-c33-c43\/","og_locale":"nl_BE","og_type":"article","og_title":"PIECES DETACHEES C33 - C43 - SCJ STOVE WORKS","og_description":"PI\u00c8CES D\u00c9TACH\u00c9ESC33 \/ C43REMARQUE :** Rechange: Joint de 5 m\u00e8tres.* Rechange: Joint de 1 m\u00e8tre.","og_url":"https:\/\/www.scj-stoveworks.com\/nl\/pieces-detachees-c33-c43\/","og_site_name":"SCJ STOVE WORKS","article_modified_time":"2023-01-31T15:01:11+00:00","twitter_card":"summary_large_image","schema":{"@context":"https:\/\/schema.org","@graph":[{"@type":"WebPage","@id":"https:\/\/www.scj-stoveworks.com\/pieces-detachees-c33-c43\/","url":"https:\/\/www.scj-stoveworks.com\/pieces-detachees-c33-c43\/","name":"PIECES DETACHEES C33 - C43 - SCJ STOVE WORKS","isPartOf":{"@id":"https:\/\/www.scj-stoveworks.com\/#website"},"datePublished":"2023-01-31T14:47:22+00:00","dateModified":"2023-01-31T15:01:11+00:00","breadcrumb":{"@id":"https:\/\/www.scj-stoveworks.com\/pieces-detachees-c33-c43\/#breadcrumb"},"inLanguage":"nl-BE","potentialAction":[{"@type":"ReadAction","target":["https:\/\/www.scj-stoveworks.com\/pieces-detachees-c33-c43\/"]}]},{"@type":"BreadcrumbList","@id":"https:\/\/www.scj-stoveworks.com\/pieces-detachees-c33-c43\/#breadcrumb","itemListElement":[{"@type":"ListItem","position":1,"name":"Accueil","item":"https:\/\/www.scj-stoveworks.com\/"},{"@type":"ListItem","position":2,"name":"PIECES DETACHEES C33 &#8211; C43"}]},{"@type":"WebSite","@id":"https:\/\/www.scj-stoveworks.com\/#website","url":"https:\/\/www.scj-stoveworks.com\/","name":"SCJ STOVE WORKS","description":"fabricant d&#039;appareils de chauffage","publisher":{"@id":"https:\/\/www.scj-stoveworks.com\/#organization"},"potentialAction":[{"@type":"SearchAction","target":{"@type":"EntryPoint","urlTemplate":"https:\/\/www.scj-stoveworks.com\/?s={search_term_string}"},"query-input":{"@type":"PropertyValueSpecification","valueRequired":true,"valueName":"search_term_string"}}],"inLanguage":"nl-BE"},{"@type":"Organization","@id":"https:\/\/www.scj-stoveworks.com\/#organization","name":"SCJ Stove Works sprl","url":"https:\/\/www.scj-stoveworks.com\/","logo":{"@type":"ImageObject","inLanguage":"nl-BE","@id":"https:\/\/www.scj-stoveworks.com\/#\/schema\/logo\/image\/","url":"https:\/\/www.scj-stoveworks.com\/wp-content\/uploads\/2019\/10\/scj-512x512.jpg","contentUrl":"https:\/\/www.scj-stoveworks.com\/wp-content\/uploads\/2019\/10\/scj-512x512.jpg","width":512,"height":512,"caption":"SCJ Stove Works sprl"},"image":{"@id":"https:\/\/www.scj-stoveworks.com\/#\/schema\/logo\/image\/"}}]}},"_links":{"self":[{"href":"https:\/\/www.scj-stoveworks.com\/nl\/wp-json\/wp\/v2\/pages\/1296","targetHints":{"allow":["GET"]}}],"collection":[{"href":"https:\/\/www.scj-stoveworks.com\/nl\/wp-json\/wp\/v2\/pages"}],"about":[{"href":"https:\/\/www.scj-stoveworks.com\/nl\/wp-json\/wp\/v2\/types\/page"}],"author":[{"embeddable":true,"href":"https:\/\/www.scj-stoveworks.com\/nl\/wp-json\/wp\/v2\/users\/1"}],"replies":[{"embeddable":true,"href":"https:\/\/www.scj-stoveworks.com\/nl\/wp-json\/wp\/v2\/comments?post=1296"}],"version-history":[{"count":5,"href":"https:\/\/www.scj-stoveworks.com\/nl\/wp-json\/wp\/v2\/pages\/1296\/revisions"}],"predecessor-version":[{"id":1305,"href":"https:\/\/www.scj-stoveworks.com\/nl\/wp-json\/wp\/v2\/pages\/1296\/revisions\/1305"}],"wp:attachment":[{"href":"https:\/\/www.scj-stoveworks.com\/nl\/wp-json\/wp\/v2\/media?parent=1296"}],"curies":[{"name":"wp","href":"https:\/\/api.w.org\/{rel}","templated":true}]}}