{"id":1744,"date":"2023-10-19T11:38:07","date_gmt":"2023-10-19T09:38:07","guid":{"rendered":"https:\/\/www.scj-stoveworks.com\/?page_id=1744"},"modified":"2023-10-19T11:38:51","modified_gmt":"2023-10-19T09:38:51","slug":"pieces-detachees-manchester-pellet","status":"publish","type":"page","link":"https:\/\/www.scj-stoveworks.com\/nl\/pieces-detachees-manchester-pellet\/","title":{"rendered":"PIECES DETACHEES MANCHESTER (PELLET)"},"content":{"rendered":"<p>[et_pb_section fb_built=\u00a0\u00bb1&Prime; _builder_version=\u00a0\u00bb4.16&Prime; background_color=\u00a0\u00bbrgba(0,0,0,0)\u00a0\u00bb custom_padding=\u00a0\u00bb115px|0|39.6719px|0px|false|false\u00a0\u00bb global_colors_info=\u00a0\u00bb{}\u00a0\u00bb theme_builder_area=\u00a0\u00bbpost_content\u00a0\u00bb][et_pb_row make_equal=\u00a0\u00bbon\u00a0\u00bb _builder_version=\u00a0\u00bb4.16&Prime; border_color_top=\u00a0\u00bb#ffffff\u00a0\u00bb border_color_bottom=\u00a0\u00bb#ffffff\u00a0\u00bb global_colors_info=\u00a0\u00bb{}\u00a0\u00bb theme_builder_area=\u00a0\u00bbpost_content\u00a0\u00bb][et_pb_column type=\u00a0\u00bb4_4&Prime; _builder_version=\u00a0\u00bb4.16&Prime; custom_padding=\u00a0\u00bb|||\u00a0\u00bb global_colors_info=\u00a0\u00bb{}\u00a0\u00bb custom_padding__hover=\u00a0\u00bb|||\u00a0\u00bb theme_builder_area=\u00a0\u00bbpost_content\u00a0\u00bb][et_pb_text _builder_version=\u00a0\u00bb4.16&Prime; text_font=\u00a0\u00bb||||||||\u00a0\u00bb text_text_color=\u00a0\u00bb#ffffff\u00a0\u00bb text_font_size=\u00a0\u00bb27px\u00a0\u00bb global_colors_info=\u00a0\u00bb{}\u00a0\u00bb theme_builder_area=\u00a0\u00bbpost_content\u00a0\u00bb]<\/p>\n<p>PI\u00c8CES D\u00c9TACH\u00c9ES<\/p>\n<p>[\/et_pb_text][\/et_pb_column][\/et_pb_row][et_pb_row make_equal=\u00a0\u00bbon\u00a0\u00bb _builder_version=\u00a0\u00bb4.16&Prime; border_width_top=\u00a0\u00bb1px\u00a0\u00bb border_color_top=\u00a0\u00bb#ffffff\u00a0\u00bb border_width_bottom=\u00a0\u00bb1px\u00a0\u00bb border_color_bottom=\u00a0\u00bb#ffffff\u00a0\u00bb global_colors_info=\u00a0\u00bb{}\u00a0\u00bb theme_builder_area=\u00a0\u00bbpost_content\u00a0\u00bb][et_pb_column type=\u00a0\u00bb4_4&Prime; _builder_version=\u00a0\u00bb4.16&Prime; custom_padding=\u00a0\u00bb|||\u00a0\u00bb global_colors_info=\u00a0\u00bb{}\u00a0\u00bb custom_padding__hover=\u00a0\u00bb|||\u00a0\u00bb theme_builder_area=\u00a0\u00bbpost_content\u00a0\u00bb][et_pb_text _builder_version=\u00a0\u00bb4.22.2&Prime; text_font=\u00a0\u00bb|700|||||||\u00a0\u00bb text_text_color=\u00a0\u00bb#ffffff\u00a0\u00bb text_font_size=\u00a0\u00bb20px\u00a0\u00bb header_font=\u00a0\u00bb||||||||\u00a0\u00bb background_layout=\u00a0\u00bbdark\u00a0\u00bb custom_margin=\u00a0\u00bb||\u00a0\u00bb custom_padding=\u00a0\u00bb||\u00a0\u00bb global_colors_info=\u00a0\u00bb{}\u00a0\u00bb theme_builder_area=\u00a0\u00bbpost_content\u00a0\u00bb]<\/p>\n<h3>MANCHESTER (PELLET)<\/h3>\n<p>[\/et_pb_text][\/et_pb_column][\/et_pb_row][et_pb_row _builder_version=\u00a0\u00bb4.17.3&Prime; _module_preset=\u00a0\u00bbdefault\u00a0\u00bb global_colors_info=\u00a0\u00bb{}\u00a0\u00bb theme_builder_area=\u00a0\u00bbpost_content\u00a0\u00bb][et_pb_column type=\u00a0\u00bb4_4&Prime; _builder_version=\u00a0\u00bb4.17.3&Prime; _module_preset=\u00a0\u00bbdefault\u00a0\u00bb global_colors_info=\u00a0\u00bb{}\u00a0\u00bb theme_builder_area=\u00a0\u00bbpost_content\u00a0\u00bb][et_pb_gallery gallery_ids=\u00a0\u00bb1731,1732,1733,1734&Prime; fullwidth=\u00a0\u00bbon\u00a0\u00bb _builder_version=\u00a0\u00bb4.22.2&Prime; _module_preset=\u00a0\u00bbdefault\u00a0\u00bb global_colors_info=\u00a0\u00bb{}\u00a0\u00bb theme_builder_area=\u00a0\u00bbpost_content\u00a0\u00bb][\/et_pb_gallery][\/et_pb_column][\/et_pb_row][\/et_pb_section]<\/p>\n","protected":false},"excerpt":{"rendered":"<p>PI\u00c8CES D\u00c9TACH\u00c9ESMANCHESTER (PELLET)<\/p>","protected":false},"author":1,"featured_media":0,"parent":0,"menu_order":0,"comment_status":"closed","ping_status":"closed","template":"","meta":{"_et_pb_use_builder":"on","_et_pb_old_content":"","_et_gb_content_width":"","footnotes":""},"class_list":["post-1744","page","type-page","status-publish","hentry"],"yoast_head":"<!-- This site is optimized with the Yoast SEO plugin v27.1.1 - https:\/\/yoast.com\/product\/yoast-seo-wordpress\/ -->\n<title>PIECES DETACHEES MANCHESTER (PELLET) - SCJ STOVE WORKS<\/title>\n<meta name=\"robots\" content=\"index, follow, max-snippet:-1, max-image-preview:large, max-video-preview:-1\" \/>\n<link rel=\"canonical\" href=\"https:\/\/www.scj-stoveworks.com\/nl\/pieces-detachees-manchester-pellet\/\" \/>\n<meta property=\"og:locale\" content=\"nl_BE\" \/>\n<meta property=\"og:type\" content=\"article\" \/>\n<meta property=\"og:title\" content=\"PIECES DETACHEES MANCHESTER (PELLET) - SCJ STOVE WORKS\" \/>\n<meta property=\"og:description\" content=\"PI\u00c8CES D\u00c9TACH\u00c9ESMANCHESTER (PELLET)\" \/>\n<meta property=\"og:url\" content=\"https:\/\/www.scj-stoveworks.com\/nl\/pieces-detachees-manchester-pellet\/\" \/>\n<meta property=\"og:site_name\" content=\"SCJ STOVE WORKS\" \/>\n<meta property=\"article:modified_time\" content=\"2023-10-19T09:38:51+00:00\" \/>\n<meta name=\"twitter:card\" content=\"summary_large_image\" \/>\n<script type=\"application\/ld+json\" class=\"yoast-schema-graph\">{\"@context\":\"https:\/\/schema.org\",\"@graph\":[{\"@type\":\"WebPage\",\"@id\":\"https:\/\/www.scj-stoveworks.com\/pieces-detachees-manchester-pellet\/\",\"url\":\"https:\/\/www.scj-stoveworks.com\/pieces-detachees-manchester-pellet\/\",\"name\":\"PIECES DETACHEES MANCHESTER (PELLET) - SCJ STOVE WORKS\",\"isPartOf\":{\"@id\":\"https:\/\/www.scj-stoveworks.com\/#website\"},\"datePublished\":\"2023-10-19T09:38:07+00:00\",\"dateModified\":\"2023-10-19T09:38:51+00:00\",\"breadcrumb\":{\"@id\":\"https:\/\/www.scj-stoveworks.com\/pieces-detachees-manchester-pellet\/#breadcrumb\"},\"inLanguage\":\"nl-BE\",\"potentialAction\":[{\"@type\":\"ReadAction\",\"target\":[\"https:\/\/www.scj-stoveworks.com\/pieces-detachees-manchester-pellet\/\"]}]},{\"@type\":\"BreadcrumbList\",\"@id\":\"https:\/\/www.scj-stoveworks.com\/pieces-detachees-manchester-pellet\/#breadcrumb\",\"itemListElement\":[{\"@type\":\"ListItem\",\"position\":1,\"name\":\"Accueil\",\"item\":\"https:\/\/www.scj-stoveworks.com\/\"},{\"@type\":\"ListItem\",\"position\":2,\"name\":\"PIECES DETACHEES MANCHESTER (PELLET)\"}]},{\"@type\":\"WebSite\",\"@id\":\"https:\/\/www.scj-stoveworks.com\/#website\",\"url\":\"https:\/\/www.scj-stoveworks.com\/\",\"name\":\"SCJ STOVE WORKS\",\"description\":\"fabricant d&#039;appareils de chauffage\",\"publisher\":{\"@id\":\"https:\/\/www.scj-stoveworks.com\/#organization\"},\"potentialAction\":[{\"@type\":\"SearchAction\",\"target\":{\"@type\":\"EntryPoint\",\"urlTemplate\":\"https:\/\/www.scj-stoveworks.com\/?s={search_term_string}\"},\"query-input\":{\"@type\":\"PropertyValueSpecification\",\"valueRequired\":true,\"valueName\":\"search_term_string\"}}],\"inLanguage\":\"nl-BE\"},{\"@type\":\"Organization\",\"@id\":\"https:\/\/www.scj-stoveworks.com\/#organization\",\"name\":\"SCJ Stove Works sprl\",\"url\":\"https:\/\/www.scj-stoveworks.com\/\",\"logo\":{\"@type\":\"ImageObject\",\"inLanguage\":\"nl-BE\",\"@id\":\"https:\/\/www.scj-stoveworks.com\/#\/schema\/logo\/image\/\",\"url\":\"https:\/\/www.scj-stoveworks.com\/wp-content\/uploads\/2019\/10\/scj-512x512.jpg\",\"contentUrl\":\"https:\/\/www.scj-stoveworks.com\/wp-content\/uploads\/2019\/10\/scj-512x512.jpg\",\"width\":512,\"height\":512,\"caption\":\"SCJ Stove Works sprl\"},\"image\":{\"@id\":\"https:\/\/www.scj-stoveworks.com\/#\/schema\/logo\/image\/\"}}]}<\/script>\n<!-- \/ Yoast SEO plugin. -->","yoast_head_json":{"title":"PIECES DETACHEES MANCHESTER (PELLET) - SCJ STOVE WORKS","robots":{"index":"index","follow":"follow","max-snippet":"max-snippet:-1","max-image-preview":"max-image-preview:large","max-video-preview":"max-video-preview:-1"},"canonical":"https:\/\/www.scj-stoveworks.com\/nl\/pieces-detachees-manchester-pellet\/","og_locale":"nl_BE","og_type":"article","og_title":"PIECES DETACHEES MANCHESTER (PELLET) - SCJ STOVE WORKS","og_description":"PI\u00c8CES D\u00c9TACH\u00c9ESMANCHESTER (PELLET)","og_url":"https:\/\/www.scj-stoveworks.com\/nl\/pieces-detachees-manchester-pellet\/","og_site_name":"SCJ STOVE WORKS","article_modified_time":"2023-10-19T09:38:51+00:00","twitter_card":"summary_large_image","schema":{"@context":"https:\/\/schema.org","@graph":[{"@type":"WebPage","@id":"https:\/\/www.scj-stoveworks.com\/pieces-detachees-manchester-pellet\/","url":"https:\/\/www.scj-stoveworks.com\/pieces-detachees-manchester-pellet\/","name":"PIECES DETACHEES MANCHESTER (PELLET) - SCJ STOVE WORKS","isPartOf":{"@id":"https:\/\/www.scj-stoveworks.com\/#website"},"datePublished":"2023-10-19T09:38:07+00:00","dateModified":"2023-10-19T09:38:51+00:00","breadcrumb":{"@id":"https:\/\/www.scj-stoveworks.com\/pieces-detachees-manchester-pellet\/#breadcrumb"},"inLanguage":"nl-BE","potentialAction":[{"@type":"ReadAction","target":["https:\/\/www.scj-stoveworks.com\/pieces-detachees-manchester-pellet\/"]}]},{"@type":"BreadcrumbList","@id":"https:\/\/www.scj-stoveworks.com\/pieces-detachees-manchester-pellet\/#breadcrumb","itemListElement":[{"@type":"ListItem","position":1,"name":"Accueil","item":"https:\/\/www.scj-stoveworks.com\/"},{"@type":"ListItem","position":2,"name":"PIECES DETACHEES MANCHESTER (PELLET)"}]},{"@type":"WebSite","@id":"https:\/\/www.scj-stoveworks.com\/#website","url":"https:\/\/www.scj-stoveworks.com\/","name":"SCJ STOVE WORKS","description":"fabricant d&#039;appareils de chauffage","publisher":{"@id":"https:\/\/www.scj-stoveworks.com\/#organization"},"potentialAction":[{"@type":"SearchAction","target":{"@type":"EntryPoint","urlTemplate":"https:\/\/www.scj-stoveworks.com\/?s={search_term_string}"},"query-input":{"@type":"PropertyValueSpecification","valueRequired":true,"valueName":"search_term_string"}}],"inLanguage":"nl-BE"},{"@type":"Organization","@id":"https:\/\/www.scj-stoveworks.com\/#organization","name":"SCJ Stove Works sprl","url":"https:\/\/www.scj-stoveworks.com\/","logo":{"@type":"ImageObject","inLanguage":"nl-BE","@id":"https:\/\/www.scj-stoveworks.com\/#\/schema\/logo\/image\/","url":"https:\/\/www.scj-stoveworks.com\/wp-content\/uploads\/2019\/10\/scj-512x512.jpg","contentUrl":"https:\/\/www.scj-stoveworks.com\/wp-content\/uploads\/2019\/10\/scj-512x512.jpg","width":512,"height":512,"caption":"SCJ Stove Works sprl"},"image":{"@id":"https:\/\/www.scj-stoveworks.com\/#\/schema\/logo\/image\/"}}]}},"_links":{"self":[{"href":"https:\/\/www.scj-stoveworks.com\/nl\/wp-json\/wp\/v2\/pages\/1744","targetHints":{"allow":["GET"]}}],"collection":[{"href":"https:\/\/www.scj-stoveworks.com\/nl\/wp-json\/wp\/v2\/pages"}],"about":[{"href":"https:\/\/www.scj-stoveworks.com\/nl\/wp-json\/wp\/v2\/types\/page"}],"author":[{"embeddable":true,"href":"https:\/\/www.scj-stoveworks.com\/nl\/wp-json\/wp\/v2\/users\/1"}],"replies":[{"embeddable":true,"href":"https:\/\/www.scj-stoveworks.com\/nl\/wp-json\/wp\/v2\/comments?post=1744"}],"version-history":[{"count":3,"href":"https:\/\/www.scj-stoveworks.com\/nl\/wp-json\/wp\/v2\/pages\/1744\/revisions"}],"predecessor-version":[{"id":1747,"href":"https:\/\/www.scj-stoveworks.com\/nl\/wp-json\/wp\/v2\/pages\/1744\/revisions\/1747"}],"wp:attachment":[{"href":"https:\/\/www.scj-stoveworks.com\/nl\/wp-json\/wp\/v2\/media?parent=1744"}],"curies":[{"name":"wp","href":"https:\/\/api.w.org\/{rel}","templated":true}]}}