{"id":1757,"date":"2023-10-24T11:11:52","date_gmt":"2023-10-24T09:11:52","guid":{"rendered":"https:\/\/www.scj-stoveworks.com\/?page_id=1757"},"modified":"2023-10-25T11:08:24","modified_gmt":"2023-10-25T09:08:24","slug":"pieces-detachees-fhs15","status":"publish","type":"page","link":"https:\/\/www.scj-stoveworks.com\/nl\/pieces-detachees-fhs15\/","title":{"rendered":"PIECES DETACHEES FHS15"},"content":{"rendered":"<p>[et_pb_section fb_built=\u00a0\u00bb1&Prime; _builder_version=\u00a0\u00bb4.16&Prime; background_color=\u00a0\u00bbrgba(0,0,0,0)\u00a0\u00bb custom_padding=\u00a0\u00bb115px|0|39.6719px|0px|false|false\u00a0\u00bb global_colors_info=\u00a0\u00bb{}\u00a0\u00bb][et_pb_row make_equal=\u00a0\u00bbon\u00a0\u00bb _builder_version=\u00a0\u00bb4.16&Prime; border_color_top=\u00a0\u00bb#ffffff\u00a0\u00bb border_color_bottom=\u00a0\u00bb#ffffff\u00a0\u00bb global_colors_info=\u00a0\u00bb{}\u00a0\u00bb][et_pb_column type=\u00a0\u00bb4_4&Prime; _builder_version=\u00a0\u00bb4.16&Prime; custom_padding=\u00a0\u00bb|||\u00a0\u00bb global_colors_info=\u00a0\u00bb{}\u00a0\u00bb custom_padding__hover=\u00a0\u00bb|||\u00a0\u00bb][et_pb_text _builder_version=\u00a0\u00bb4.16&Prime; text_font=\u00a0\u00bb||||||||\u00a0\u00bb text_text_color=\u00a0\u00bb#ffffff\u00a0\u00bb text_font_size=\u00a0\u00bb27px\u00a0\u00bb global_colors_info=\u00a0\u00bb{}\u00a0\u00bb]<\/p>\n<p>PI\u00c8CES D\u00c9TACH\u00c9ES<\/p>\n<p>[\/et_pb_text][\/et_pb_column][\/et_pb_row][et_pb_row make_equal=\u00a0\u00bbon\u00a0\u00bb _builder_version=\u00a0\u00bb4.16&Prime; border_width_top=\u00a0\u00bb1px\u00a0\u00bb border_color_top=\u00a0\u00bb#ffffff\u00a0\u00bb border_width_bottom=\u00a0\u00bb1px\u00a0\u00bb border_color_bottom=\u00a0\u00bb#ffffff\u00a0\u00bb global_colors_info=\u00a0\u00bb{}\u00a0\u00bb][et_pb_column type=\u00a0\u00bb4_4&Prime; _builder_version=\u00a0\u00bb4.16&Prime; custom_padding=\u00a0\u00bb|||\u00a0\u00bb global_colors_info=\u00a0\u00bb{}\u00a0\u00bb custom_padding__hover=\u00a0\u00bb|||\u00a0\u00bb][et_pb_text _builder_version=\u00a0\u00bb4.23&Prime; text_font=\u00a0\u00bb|700|||||||\u00a0\u00bb text_text_color=\u00a0\u00bb#ffffff\u00a0\u00bb text_font_size=\u00a0\u00bb20px\u00a0\u00bb header_font=\u00a0\u00bb||||||||\u00a0\u00bb background_layout=\u00a0\u00bbdark\u00a0\u00bb custom_margin=\u00a0\u00bb||\u00a0\u00bb custom_padding=\u00a0\u00bb||\u00a0\u00bb global_colors_info=\u00a0\u00bb{}\u00a0\u00bb]<\/p>\n<h3>THS15<\/h3>\n<p>[\/et_pb_text][\/et_pb_column][\/et_pb_row][et_pb_row _builder_version=\u00a0\u00bb4.17.3&Prime; _module_preset=\u00a0\u00bbdefault\u00a0\u00bb global_colors_info=\u00a0\u00bb{}\u00a0\u00bb][et_pb_column type=\u00a0\u00bb4_4&Prime; _builder_version=\u00a0\u00bb4.17.3&Prime; _module_preset=\u00a0\u00bbdefault\u00a0\u00bb global_colors_info=\u00a0\u00bb{}\u00a0\u00bb][et_pb_gallery gallery_ids=\u00a0\u00bb1759&Prime; fullwidth=\u00a0\u00bbon\u00a0\u00bb _builder_version=\u00a0\u00bb4.23&Prime; _module_preset=\u00a0\u00bbdefault\u00a0\u00bb hover_enabled=\u00a0\u00bb0&Prime; global_colors_info=\u00a0\u00bb{}\u00a0\u00bb sticky_enabled=\u00a0\u00bb0&Prime;][\/et_pb_gallery][\/et_pb_column][\/et_pb_row][et_pb_row _builder_version=\u00a0\u00bb4.16&Prime; _module_preset=\u00a0\u00bbdefault\u00a0\u00bb global_colors_info=\u00a0\u00bb{}\u00a0\u00bb][et_pb_column type=\u00a0\u00bb4_4&Prime; _builder_version=\u00a0\u00bb4.16&Prime; _module_preset=\u00a0\u00bbdefault\u00a0\u00bb global_colors_info=\u00a0\u00bb{}\u00a0\u00bb][et_pb_text _builder_version=\u00a0\u00bb4.23&Prime; _module_preset=\u00a0\u00bbdefault\u00a0\u00bb hover_enabled=\u00a0\u00bb0&Prime; global_colors_info=\u00a0\u00bb{}\u00a0\u00bb sticky_enabled=\u00a0\u00bb0&Prime;]<\/p>\n\n<table id=\"tablepress-33\" class=\"tablepress tablepress-id-33\">\n<thead>\n<tr class=\"row-1\">\n\t<th class=\"column-1\"><strong>REPERE<\/strong><\/th><th class=\"column-2\"><strong>DESIGNATION<\/strong><\/th><th class=\"column-3\"><strong>N\u00b0COMMERCIAL<\/strong><\/th>\n<\/tr>\n<\/thead>\n<tbody class=\"row-striping row-hover\">\n<tr class=\"row-2\">\n\t<td class=\"column-1\">19<\/td><td class=\"column-2\">0000001319_joint buselot 6mm<\/td><td class=\"column-3\">32374<\/td>\n<\/tr>\n<tr class=\"row-3\">\n\t<td class=\"column-1\">20<\/td><td class=\"column-2\">0000001588_joint de profil dia.13<\/td><td class=\"column-3\">44512<\/td>\n<\/tr>\n<tr class=\"row-4\">\n\t<td class=\"column-1\">22<\/td><td class=\"column-2\">0000001726_corde cera.autocol. D5mm clame<\/td><td class=\"column-3\">63324<\/td>\n<\/tr>\n<tr class=\"row-5\">\n\t<td class=\"column-1\">21<\/td><td class=\"column-2\">0000001726_corde cera.autocol. D5mm vitre<\/td><td class=\"column-3\">63324<\/td>\n<\/tr>\n<tr class=\"row-6\">\n\t<td class=\"column-1\">24<\/td><td class=\"column-2\">0000001727_tresse noire 6x2 adhesive vitre arriere<\/td><td class=\"column-3\">63326<\/td>\n<\/tr>\n<tr class=\"row-7\">\n\t<td class=\"column-1\">23<\/td><td class=\"column-2\">0000001727_tresse noire 6x2 adhesive vitre avant<\/td><td class=\"column-3\">63326<\/td>\n<\/tr>\n<tr class=\"row-8\">\n\t<td class=\"column-1\">25<\/td><td class=\"column-2\">0000001768_joint bruleur THS15<\/td><td class=\"column-3\">67011<\/td>\n<\/tr>\n<tr class=\"row-9\">\n\t<td class=\"column-1\">26<\/td><td class=\"column-2\">0000001769_joint clapet THS15<\/td><td class=\"column-3\">67090<\/td>\n<\/tr>\n<tr class=\"row-10\">\n\t<td class=\"column-1\">27<\/td><td class=\"column-2\">0000001770_joint conduit de fumee THS15<\/td><td class=\"column-3\">67091<\/td>\n<\/tr>\n<tr class=\"row-11\">\n\t<td class=\"column-1\">28<\/td><td class=\"column-2\">0000002499_vitre vitro TQH15<\/td><td class=\"column-3\">65227<\/td>\n<\/tr>\n<tr class=\"row-12\">\n\t<td class=\"column-1\">29<\/td><td class=\"column-2\">0000002545_vitre vitro THS15<\/td><td class=\"column-3\">67009<\/td>\n<\/tr>\n<tr class=\"row-13\">\n\t<td class=\"column-1\">30<\/td><td class=\"column-2\">0000003958_cle hexagonale 8 sur plat<\/td><td class=\"column-3\">43459<\/td>\n<\/tr>\n<tr class=\"row-14\">\n\t<td class=\"column-1\">31<\/td><td class=\"column-2\">0000004005_aimant neodyme 20x20x4<\/td><td class=\"column-3\">67010<\/td>\n<\/tr>\n<tr class=\"row-15\">\n\t<td class=\"column-1\">32<\/td><td class=\"column-2\">0000005089_rond.plate type L 5.3x16x1<\/td><td class=\"column-3\">47798<\/td>\n<\/tr>\n<tr class=\"row-16\">\n\t<td class=\"column-1\">33<\/td><td class=\"column-2\">0000009620_ressort compression<\/td><td class=\"column-3\">65766<\/td>\n<\/tr>\n<tr class=\"row-17\">\n\t<td class=\"column-1\">34<\/td><td class=\"column-2\">0000016282_ensemble bruleur-vanne NA061N0<\/td><td class=\"column-3\">67054<\/td>\n<\/tr>\n<tr class=\"row-18\">\n\t<td class=\"column-1\">35<\/td><td class=\"column-2\">0000016286_set de buches THS15<\/td><td class=\"column-3\">67094<\/td>\n<\/tr>\n<tr class=\"row-19\">\n\t<td class=\"column-1\">36<\/td><td class=\"column-2\">0000017152_axe clapet C35<\/td><td class=\"column-3\">26547<\/td>\n<\/tr>\n<tr class=\"row-20\">\n\t<td class=\"column-1\">37<\/td><td class=\"column-2\">0000017390_entretoise alu D10-8 lg 10mm<\/td><td class=\"column-3\">30566<\/td>\n<\/tr>\n<tr class=\"row-21\">\n\t<td class=\"column-1\">38<\/td><td class=\"column-2\">0000017984_axe 4mm lg 25mm<\/td><td class=\"column-3\">62167<\/td>\n<\/tr>\n<tr class=\"row-22\">\n\t<td class=\"column-1\">39<\/td><td class=\"column-2\">0000017985_entretoise 4,2mmx6mm lg20mm<\/td><td class=\"column-3\">62168<\/td>\n<\/tr>\n<tr class=\"row-23\">\n\t<td class=\"column-1\">40<\/td><td class=\"column-2\">0000019111_raccord droit 3-8.12 0.958.025<\/td><td class=\"column-3\">16541<\/td>\n<\/tr>\n<tr class=\"row-24\">\n\t<td class=\"column-1\">41<\/td><td class=\"column-2\">0000019112_bicone 12 0.957.025<\/td><td class=\"column-3\">16542<\/td>\n<\/tr>\n<tr class=\"row-25\">\n\t<td class=\"column-1\">42<\/td><td class=\"column-2\">0000019377_recepteur_Mertik_GV60<\/td><td class=\"column-3\">45400<\/td>\n<\/tr>\n<tr class=\"row-26\">\n\t<td class=\"column-1\">43<\/td><td class=\"column-2\">0000024403 - vis de centrage M6 8 X 30<\/td><td class=\"column-3\">62109<\/td>\n<\/tr>\n<tr class=\"row-27\">\n\t<td class=\"column-1\">44<\/td><td class=\"column-2\">0000130236_ens. poignee THS15<\/td><td class=\"column-3\">67654<\/td>\n<\/tr>\n<tr class=\"row-28\">\n\t<td class=\"column-1\">45<\/td><td class=\"column-2\">0000900172_ecrou hex M5<\/td><td class=\"column-3\">16476<\/td>\n<\/tr>\n<tr class=\"row-29\">\n\t<td class=\"column-1\">3<\/td><td class=\"column-2\">FHS1573610_socle nu<\/td><td class=\"column-3\">67102<\/td>\n<\/tr>\n<tr class=\"row-30\">\n\t<td class=\"column-1\">1<\/td><td class=\"column-2\">S13++07570_buselot<\/td><td class=\"column-3\">45606<\/td>\n<\/tr>\n<tr class=\"row-31\">\n\t<td class=\"column-1\">4<\/td><td class=\"column-2\">THS153A010_support buche nu<\/td><td class=\"column-3\">66992<\/td>\n<\/tr>\n<tr class=\"row-32\">\n\t<td class=\"column-1\">5<\/td><td class=\"column-2\">THS1540020_pied<\/td><td class=\"column-3\">67017<\/td>\n<\/tr>\n<tr class=\"row-33\">\n\t<td class=\"column-1\">6<\/td><td class=\"column-2\">THS1545510_porte<\/td><td class=\"column-3\">67000<\/td>\n<\/tr>\n<tr class=\"row-34\">\n\t<td class=\"column-1\">7<\/td><td class=\"column-2\">THS1545520_porte<\/td><td class=\"column-3\">67045<\/td>\n<\/tr>\n<tr class=\"row-35\">\n\t<td class=\"column-1\">8<\/td><td class=\"column-2\">THS1546320_porte nue<\/td><td class=\"column-3\">67008<\/td>\n<\/tr>\n<tr class=\"row-36\">\n\t<td class=\"column-1\">9<\/td><td class=\"column-2\">THS1549310_reduction fumee<\/td><td class=\"column-3\">67110<\/td>\n<\/tr>\n<tr class=\"row-37\">\n\t<td class=\"column-1\">10<\/td><td class=\"column-2\">THS1549320_reduction fumee<\/td><td class=\"column-3\">67111<\/td>\n<\/tr>\n<tr class=\"row-38\">\n\t<td class=\"column-1\">11<\/td><td class=\"column-2\">THS1552710_chicane inf.<\/td><td class=\"column-3\">66996<\/td>\n<\/tr>\n<tr class=\"row-39\">\n\t<td class=\"column-1\">12<\/td><td class=\"column-2\">THS1557710_conduit<\/td><td class=\"column-3\">66993<\/td>\n<\/tr>\n<tr class=\"row-40\">\n\t<td class=\"column-1\">13<\/td><td class=\"column-2\">THS1564510_support ens.<\/td><td class=\"column-3\">67012<\/td>\n<\/tr>\n<tr class=\"row-41\">\n\t<td class=\"column-1\">14<\/td><td class=\"column-2\">THS1576120_enveloppe<\/td><td class=\"column-3\">66977<\/td>\n<\/tr>\n<tr class=\"row-42\">\n\t<td class=\"column-1\">15<\/td><td class=\"column-2\">THS1578010_clame<\/td><td class=\"column-3\">67022<\/td>\n<\/tr>\n<tr class=\"row-43\">\n\t<td class=\"column-1\">16<\/td><td class=\"column-2\">THS1583710_butee<\/td><td class=\"column-3\">67092<\/td>\n<\/tr>\n<tr class=\"row-44\">\n\t<td class=\"column-1\">17<\/td><td class=\"column-2\">THS1583720_butee<\/td><td class=\"column-3\">67092<\/td>\n<\/tr>\n<tr class=\"row-45\">\n\t<td class=\"column-1\">18<\/td><td class=\"column-2\">THS1584010_clapet<\/td><td class=\"column-3\">66999<\/td>\n<\/tr>\n<tr class=\"row-46\">\n\t<td class=\"column-1\">2<\/td><td class=\"column-2\">TQH1304010_porte foyer<\/td><td class=\"column-3\">62656<\/td>\n<\/tr>\n<\/tbody>\n<\/table>\n<!-- #tablepress-33 from cache -->\n<p>[\/et_pb_text][\/et_pb_column][\/et_pb_row][\/et_pb_section]<\/p>\n","protected":false},"excerpt":{"rendered":"<p>PI\u00c8CES D\u00c9TACH\u00c9ESTHS15\n<table id=\"tablepress-33-no-2\" class=\"tablepress tablepress-id-33\">\n<thead>\n<tr class=\"row-1\">\n\t<th class=\"column-1\"><strong>REPERE<\/strong><\/th><th class=\"column-2\"><strong>DESIGNATION<\/strong><\/th><th class=\"column-3\"><strong>N\u00b0COMMERCIAL<\/strong><\/th>\n<\/tr>\n<\/thead>\n<tbody class=\"row-striping row-hover\">\n<tr class=\"row-2\">\n\t<td class=\"column-1\">19<\/td><td class=\"column-2\">0000001319_joint buselot 6mm<\/td><td class=\"column-3\">32374<\/td>\n<\/tr>\n<tr class=\"row-3\">\n\t<td class=\"column-1\">20<\/td><td class=\"column-2\">0000001588_joint de profil dia.13<\/td><td class=\"column-3\">44512<\/td>\n<\/tr>\n<tr class=\"row-4\">\n\t<td class=\"column-1\">22<\/td><td class=\"column-2\">0000001726_corde cera.autocol. D5mm clame<\/td><td class=\"column-3\">63324<\/td>\n<\/tr>\n<tr class=\"row-5\">\n\t<td class=\"column-1\">21<\/td><td class=\"column-2\">0000001726_corde cera.autocol. D5mm vitre<\/td><td class=\"column-3\">63324<\/td>\n<\/tr>\n<tr class=\"row-6\">\n\t<td class=\"column-1\">24<\/td><td class=\"column-2\">0000001727_tresse noire 6x2 adhesive vitre arriere<\/td><td class=\"column-3\">63326<\/td>\n<\/tr>\n<tr class=\"row-7\">\n\t<td class=\"column-1\">23<\/td><td class=\"column-2\">0000001727_tresse noire 6x2 adhesive vitre avant<\/td><td class=\"column-3\">63326<\/td>\n<\/tr>\n<tr class=\"row-8\">\n\t<td class=\"column-1\">25<\/td><td class=\"column-2\">0000001768_joint bruleur THS15<\/td><td class=\"column-3\">67011<\/td>\n<\/tr>\n<tr class=\"row-9\">\n\t<td class=\"column-1\">26<\/td><td class=\"column-2\">0000001769_joint clapet THS15<\/td><td class=\"column-3\">67090<\/td>\n<\/tr>\n<tr class=\"row-10\">\n\t<td class=\"column-1\">27<\/td><td class=\"column-2\">0000001770_joint conduit de fumee THS15<\/td><td class=\"column-3\">67091<\/td>\n<\/tr>\n<tr class=\"row-11\">\n\t<td class=\"column-1\">28<\/td><td class=\"column-2\">0000002499_vitre vitro TQH15<\/td><td class=\"column-3\">65227<\/td>\n<\/tr>\n<tr class=\"row-12\">\n\t<td class=\"column-1\">29<\/td><td class=\"column-2\">0000002545_vitre vitro THS15<\/td><td class=\"column-3\">67009<\/td>\n<\/tr>\n<tr class=\"row-13\">\n\t<td class=\"column-1\">30<\/td><td class=\"column-2\">0000003958_cle hexagonale 8 sur plat<\/td><td class=\"column-3\">43459<\/td>\n<\/tr>\n<tr class=\"row-14\">\n\t<td class=\"column-1\">31<\/td><td class=\"column-2\">0000004005_aimant neodyme 20x20x4<\/td><td class=\"column-3\">67010<\/td>\n<\/tr>\n<tr class=\"row-15\">\n\t<td class=\"column-1\">32<\/td><td class=\"column-2\">0000005089_rond.plate type L 5.3x16x1<\/td><td class=\"column-3\">47798<\/td>\n<\/tr>\n<tr class=\"row-16\">\n\t<td class=\"column-1\">33<\/td><td class=\"column-2\">0000009620_ressort compression<\/td><td class=\"column-3\">65766<\/td>\n<\/tr>\n<tr class=\"row-17\">\n\t<td class=\"column-1\">34<\/td><td class=\"column-2\">0000016282_ensemble bruleur-vanne NA061N0<\/td><td class=\"column-3\">67054<\/td>\n<\/tr>\n<tr class=\"row-18\">\n\t<td class=\"column-1\">35<\/td><td class=\"column-2\">0000016286_set de buches THS15<\/td><td class=\"column-3\">67094<\/td>\n<\/tr>\n<tr class=\"row-19\">\n\t<td class=\"column-1\">36<\/td><td class=\"column-2\">0000017152_axe clapet C35<\/td><td class=\"column-3\">26547<\/td>\n<\/tr>\n<tr class=\"row-20\">\n\t<td class=\"column-1\">37<\/td><td class=\"column-2\">0000017390_entretoise alu D10-8 lg 10mm<\/td><td class=\"column-3\">30566<\/td>\n<\/tr>\n<tr class=\"row-21\">\n\t<td class=\"column-1\">38<\/td><td class=\"column-2\">0000017984_axe 4mm lg 25mm<\/td><td class=\"column-3\">62167<\/td>\n<\/tr>\n<tr class=\"row-22\">\n\t<td class=\"column-1\">39<\/td><td class=\"column-2\">0000017985_entretoise 4,2mmx6mm lg20mm<\/td><td class=\"column-3\">62168<\/td>\n<\/tr>\n<tr class=\"row-23\">\n\t<td class=\"column-1\">40<\/td><td class=\"column-2\">0000019111_raccord droit 3-8.12 0.958.025<\/td><td class=\"column-3\">16541<\/td>\n<\/tr>\n<tr class=\"row-24\">\n\t<td class=\"column-1\">41<\/td><td class=\"column-2\">0000019112_bicone 12 0.957.025<\/td><td class=\"column-3\">16542<\/td>\n<\/tr>\n<tr class=\"row-25\">\n\t<td class=\"column-1\">42<\/td><td class=\"column-2\">0000019377_recepteur_Mertik_GV60<\/td><td class=\"column-3\">45400<\/td>\n<\/tr>\n<tr class=\"row-26\">\n\t<td class=\"column-1\">43<\/td><td class=\"column-2\">0000024403 - vis de centrage M6 8 X 30<\/td><td class=\"column-3\">62109<\/td>\n<\/tr>\n<tr class=\"row-27\">\n\t<td class=\"column-1\">44<\/td><td class=\"column-2\">0000130236_ens. poignee THS15<\/td><td class=\"column-3\">67654<\/td>\n<\/tr>\n<tr class=\"row-28\">\n\t<td class=\"column-1\">45<\/td><td class=\"column-2\">0000900172_ecrou hex M5<\/td><td class=\"column-3\">16476<\/td>\n<\/tr>\n<tr class=\"row-29\">\n\t<td class=\"column-1\">3<\/td><td class=\"column-2\">FHS1573610_socle nu<\/td><td class=\"column-3\">67102<\/td>\n<\/tr>\n<tr class=\"row-30\">\n\t<td class=\"column-1\">1<\/td><td class=\"column-2\">S13++07570_buselot<\/td><td class=\"column-3\">45606<\/td>\n<\/tr>\n<tr class=\"row-31\">\n\t<td class=\"column-1\">4<\/td><td class=\"column-2\">THS153A010_support buche nu<\/td><td class=\"column-3\">66992<\/td>\n<\/tr>\n<tr class=\"row-32\">\n\t<td class=\"column-1\">5<\/td><td class=\"column-2\">THS1540020_pied<\/td><td class=\"column-3\">67017<\/td>\n<\/tr>\n<tr class=\"row-33\">\n\t<td class=\"column-1\">6<\/td><td class=\"column-2\">THS1545510_porte<\/td><td class=\"column-3\">67000<\/td>\n<\/tr>\n<tr class=\"row-34\">\n\t<td class=\"column-1\">7<\/td><td class=\"column-2\">THS1545520_porte<\/td><td class=\"column-3\">67045<\/td>\n<\/tr>\n<tr class=\"row-35\">\n\t<td class=\"column-1\">8<\/td><td class=\"column-2\">THS1546320_porte nue<\/td><td class=\"column-3\">67008<\/td>\n<\/tr>\n<tr class=\"row-36\">\n\t<td class=\"column-1\">9<\/td><td class=\"column-2\">THS1549310_reduction fumee<\/td><td class=\"column-3\">67110<\/td>\n<\/tr>\n<tr class=\"row-37\">\n\t<td class=\"column-1\">10<\/td><td class=\"column-2\">THS1549320_reduction fumee<\/td><td class=\"column-3\">67111<\/td>\n<\/tr>\n<tr class=\"row-38\">\n\t<td class=\"column-1\">11<\/td><td class=\"column-2\">THS1552710_chicane inf.<\/td><td class=\"column-3\">66996<\/td>\n<\/tr>\n<tr class=\"row-39\">\n\t<td class=\"column-1\">12<\/td><td class=\"column-2\">THS1557710_conduit<\/td><td class=\"column-3\">66993<\/td>\n<\/tr>\n<tr class=\"row-40\">\n\t<td class=\"column-1\">13<\/td><td class=\"column-2\">THS1564510_support ens.<\/td><td class=\"column-3\">67012<\/td>\n<\/tr>\n<tr class=\"row-41\">\n\t<td class=\"column-1\">14<\/td><td class=\"column-2\">THS1576120_enveloppe<\/td><td class=\"column-3\">66977<\/td>\n<\/tr>\n<tr class=\"row-42\">\n\t<td class=\"column-1\">15<\/td><td class=\"column-2\">THS1578010_clame<\/td><td class=\"column-3\">67022<\/td>\n<\/tr>\n<tr class=\"row-43\">\n\t<td class=\"column-1\">16<\/td><td class=\"column-2\">THS1583710_butee<\/td><td class=\"column-3\">67092<\/td>\n<\/tr>\n<tr class=\"row-44\">\n\t<td class=\"column-1\">17<\/td><td class=\"column-2\">THS1583720_butee<\/td><td class=\"column-3\">67092<\/td>\n<\/tr>\n<tr class=\"row-45\">\n\t<td class=\"column-1\">18<\/td><td class=\"column-2\">THS1584010_clapet<\/td><td class=\"column-3\">66999<\/td>\n<\/tr>\n<tr class=\"row-46\">\n\t<td class=\"column-1\">2<\/td><td class=\"column-2\">TQH1304010_porte foyer<\/td><td class=\"column-3\">62656<\/td>\n<\/tr>\n<\/tbody>\n<\/table>\n<\/p>","protected":false},"author":1,"featured_media":0,"parent":0,"menu_order":0,"comment_status":"closed","ping_status":"closed","template":"","meta":{"_et_pb_use_builder":"on","_et_pb_old_content":"","_et_gb_content_width":"","footnotes":""},"class_list":["post-1757","page","type-page","status-publish","hentry"],"yoast_head":"<!-- This site is optimized with the Yoast SEO plugin v27.1.1 - https:\/\/yoast.com\/product\/yoast-seo-wordpress\/ -->\n<title>PIECES DETACHEES FHS15 - SCJ STOVE WORKS<\/title>\n<meta name=\"robots\" content=\"index, follow, max-snippet:-1, max-image-preview:large, max-video-preview:-1\" \/>\n<link rel=\"canonical\" href=\"https:\/\/www.scj-stoveworks.com\/nl\/pieces-detachees-fhs15\/\" \/>\n<meta property=\"og:locale\" content=\"nl_BE\" \/>\n<meta property=\"og:type\" content=\"article\" \/>\n<meta property=\"og:title\" content=\"PIECES DETACHEES FHS15 - SCJ STOVE WORKS\" \/>\n<meta property=\"og:description\" content=\"PI\u00c8CES D\u00c9TACH\u00c9ESTHS15\" \/>\n<meta property=\"og:url\" content=\"https:\/\/www.scj-stoveworks.com\/nl\/pieces-detachees-fhs15\/\" \/>\n<meta property=\"og:site_name\" content=\"SCJ STOVE WORKS\" \/>\n<meta property=\"article:modified_time\" content=\"2023-10-25T09:08:24+00:00\" \/>\n<meta name=\"twitter:card\" content=\"summary_large_image\" \/>\n<script type=\"application\/ld+json\" class=\"yoast-schema-graph\">{\"@context\":\"https:\/\/schema.org\",\"@graph\":[{\"@type\":\"WebPage\",\"@id\":\"https:\/\/www.scj-stoveworks.com\/pieces-detachees-fhs15\/\",\"url\":\"https:\/\/www.scj-stoveworks.com\/pieces-detachees-fhs15\/\",\"name\":\"PIECES DETACHEES FHS15 - SCJ STOVE WORKS\",\"isPartOf\":{\"@id\":\"https:\/\/www.scj-stoveworks.com\/#website\"},\"datePublished\":\"2023-10-24T09:11:52+00:00\",\"dateModified\":\"2023-10-25T09:08:24+00:00\",\"breadcrumb\":{\"@id\":\"https:\/\/www.scj-stoveworks.com\/pieces-detachees-fhs15\/#breadcrumb\"},\"inLanguage\":\"nl-BE\",\"potentialAction\":[{\"@type\":\"ReadAction\",\"target\":[\"https:\/\/www.scj-stoveworks.com\/pieces-detachees-fhs15\/\"]}]},{\"@type\":\"BreadcrumbList\",\"@id\":\"https:\/\/www.scj-stoveworks.com\/pieces-detachees-fhs15\/#breadcrumb\",\"itemListElement\":[{\"@type\":\"ListItem\",\"position\":1,\"name\":\"Accueil\",\"item\":\"https:\/\/www.scj-stoveworks.com\/\"},{\"@type\":\"ListItem\",\"position\":2,\"name\":\"PIECES DETACHEES FHS15\"}]},{\"@type\":\"WebSite\",\"@id\":\"https:\/\/www.scj-stoveworks.com\/#website\",\"url\":\"https:\/\/www.scj-stoveworks.com\/\",\"name\":\"SCJ STOVE WORKS\",\"description\":\"fabricant d&#039;appareils de chauffage\",\"publisher\":{\"@id\":\"https:\/\/www.scj-stoveworks.com\/#organization\"},\"potentialAction\":[{\"@type\":\"SearchAction\",\"target\":{\"@type\":\"EntryPoint\",\"urlTemplate\":\"https:\/\/www.scj-stoveworks.com\/?s={search_term_string}\"},\"query-input\":{\"@type\":\"PropertyValueSpecification\",\"valueRequired\":true,\"valueName\":\"search_term_string\"}}],\"inLanguage\":\"nl-BE\"},{\"@type\":\"Organization\",\"@id\":\"https:\/\/www.scj-stoveworks.com\/#organization\",\"name\":\"SCJ Stove Works sprl\",\"url\":\"https:\/\/www.scj-stoveworks.com\/\",\"logo\":{\"@type\":\"ImageObject\",\"inLanguage\":\"nl-BE\",\"@id\":\"https:\/\/www.scj-stoveworks.com\/#\/schema\/logo\/image\/\",\"url\":\"https:\/\/www.scj-stoveworks.com\/wp-content\/uploads\/2019\/10\/scj-512x512.jpg\",\"contentUrl\":\"https:\/\/www.scj-stoveworks.com\/wp-content\/uploads\/2019\/10\/scj-512x512.jpg\",\"width\":512,\"height\":512,\"caption\":\"SCJ Stove Works sprl\"},\"image\":{\"@id\":\"https:\/\/www.scj-stoveworks.com\/#\/schema\/logo\/image\/\"}}]}<\/script>\n<!-- \/ Yoast SEO plugin. -->","yoast_head_json":{"title":"PIECES DETACHEES FHS15 - SCJ STOVE WORKS","robots":{"index":"index","follow":"follow","max-snippet":"max-snippet:-1","max-image-preview":"max-image-preview:large","max-video-preview":"max-video-preview:-1"},"canonical":"https:\/\/www.scj-stoveworks.com\/nl\/pieces-detachees-fhs15\/","og_locale":"nl_BE","og_type":"article","og_title":"PIECES DETACHEES FHS15 - SCJ STOVE WORKS","og_description":"PI\u00c8CES D\u00c9TACH\u00c9ESTHS15","og_url":"https:\/\/www.scj-stoveworks.com\/nl\/pieces-detachees-fhs15\/","og_site_name":"SCJ STOVE WORKS","article_modified_time":"2023-10-25T09:08:24+00:00","twitter_card":"summary_large_image","schema":{"@context":"https:\/\/schema.org","@graph":[{"@type":"WebPage","@id":"https:\/\/www.scj-stoveworks.com\/pieces-detachees-fhs15\/","url":"https:\/\/www.scj-stoveworks.com\/pieces-detachees-fhs15\/","name":"PIECES DETACHEES FHS15 - SCJ STOVE WORKS","isPartOf":{"@id":"https:\/\/www.scj-stoveworks.com\/#website"},"datePublished":"2023-10-24T09:11:52+00:00","dateModified":"2023-10-25T09:08:24+00:00","breadcrumb":{"@id":"https:\/\/www.scj-stoveworks.com\/pieces-detachees-fhs15\/#breadcrumb"},"inLanguage":"nl-BE","potentialAction":[{"@type":"ReadAction","target":["https:\/\/www.scj-stoveworks.com\/pieces-detachees-fhs15\/"]}]},{"@type":"BreadcrumbList","@id":"https:\/\/www.scj-stoveworks.com\/pieces-detachees-fhs15\/#breadcrumb","itemListElement":[{"@type":"ListItem","position":1,"name":"Accueil","item":"https:\/\/www.scj-stoveworks.com\/"},{"@type":"ListItem","position":2,"name":"PIECES DETACHEES FHS15"}]},{"@type":"WebSite","@id":"https:\/\/www.scj-stoveworks.com\/#website","url":"https:\/\/www.scj-stoveworks.com\/","name":"SCJ STOVE WORKS","description":"fabricant d&#039;appareils de chauffage","publisher":{"@id":"https:\/\/www.scj-stoveworks.com\/#organization"},"potentialAction":[{"@type":"SearchAction","target":{"@type":"EntryPoint","urlTemplate":"https:\/\/www.scj-stoveworks.com\/?s={search_term_string}"},"query-input":{"@type":"PropertyValueSpecification","valueRequired":true,"valueName":"search_term_string"}}],"inLanguage":"nl-BE"},{"@type":"Organization","@id":"https:\/\/www.scj-stoveworks.com\/#organization","name":"SCJ Stove Works sprl","url":"https:\/\/www.scj-stoveworks.com\/","logo":{"@type":"ImageObject","inLanguage":"nl-BE","@id":"https:\/\/www.scj-stoveworks.com\/#\/schema\/logo\/image\/","url":"https:\/\/www.scj-stoveworks.com\/wp-content\/uploads\/2019\/10\/scj-512x512.jpg","contentUrl":"https:\/\/www.scj-stoveworks.com\/wp-content\/uploads\/2019\/10\/scj-512x512.jpg","width":512,"height":512,"caption":"SCJ Stove Works sprl"},"image":{"@id":"https:\/\/www.scj-stoveworks.com\/#\/schema\/logo\/image\/"}}]}},"_links":{"self":[{"href":"https:\/\/www.scj-stoveworks.com\/nl\/wp-json\/wp\/v2\/pages\/1757","targetHints":{"allow":["GET"]}}],"collection":[{"href":"https:\/\/www.scj-stoveworks.com\/nl\/wp-json\/wp\/v2\/pages"}],"about":[{"href":"https:\/\/www.scj-stoveworks.com\/nl\/wp-json\/wp\/v2\/types\/page"}],"author":[{"embeddable":true,"href":"https:\/\/www.scj-stoveworks.com\/nl\/wp-json\/wp\/v2\/users\/1"}],"replies":[{"embeddable":true,"href":"https:\/\/www.scj-stoveworks.com\/nl\/wp-json\/wp\/v2\/comments?post=1757"}],"version-history":[{"count":5,"href":"https:\/\/www.scj-stoveworks.com\/nl\/wp-json\/wp\/v2\/pages\/1757\/revisions"}],"predecessor-version":[{"id":1780,"href":"https:\/\/www.scj-stoveworks.com\/nl\/wp-json\/wp\/v2\/pages\/1757\/revisions\/1780"}],"wp:attachment":[{"href":"https:\/\/www.scj-stoveworks.com\/nl\/wp-json\/wp\/v2\/media?parent=1757"}],"curies":[{"name":"wp","href":"https:\/\/api.w.org\/{rel}","templated":true}]}}